{"id":2,"date":"2019-10-31T13:35:46","date_gmt":"2019-10-31T16:35:46","guid":{"rendered":"http:\/\/cyberinfo.net.br\/new\/?page_id=2"},"modified":"2021-04-23T09:57:37","modified_gmt":"2021-04-23T12:57:37","slug":"para-sua-casa","status":"publish","type":"page","link":"https:\/\/www.cyberinfo.net.br\/belacruz\/para-sua-casa\/","title":{"rendered":"Para sua Casa"},"content":{"rendered":"<div id=\"pl-2\"  class=\"panel-layout\" ><div id=\"pg-2-0\"  class=\"panel-grid panel-has-style\" ><div class=\"siteorigin-panels-stretch panel-row-style-full-width panel-row-style panel-row-style-for-2-0\" style=\"background-color: #e4ebf1; \" id=\"cyber-home\" data-stretch-type=\"full-stretched\" ><div id=\"pgc-2-0-0\"  class=\"panel-grid-cell\" ><div id=\"panel-2-0-0-0\" class=\"widget_text so-panel widget widget_custom_html panel-first-child panel-last-child\" data-index=\"0\" ><div class=\"widget_text panel-widget-style panel-widget-style-for-2-0-0-0\" ><div class=\"textwidget custom-html-widget\"><div id=\"cyber-home-header\">\n\t<div class=\"para-sua-casa\">\n\t\t<p class=\"title\">Para sua casa<\/p>\n\t\t<figure>\n\t\t\t<img src=\"\/new\/extras\/images\/color_line.svg\" alt=\"\" width=\"166px\">\t\n\t\t<\/figure>\n\t\t<p class=\"h3\">Conhe\u00e7a nossos Planos e selecione o que mais se adequa a sua necessidade. Contrate j\u00e1 o seu!<\/p>\n\t<\/div>\n<\/div><\/div><\/div><\/div><\/div><\/div><\/div><div id=\"pg-2-1\"  class=\"panel-grid panel-has-style\" ><div class=\"siteorigin-panels-stretch panel-row-style-full-width panel-row-style panel-row-style-for-2-1\" id=\"cyber-plans-header\" data-stretch-type=\"full-stretched\" ><div id=\"pgc-2-1-0\"  class=\"panel-grid-cell\" ><div id=\"panel-2-1-0-0\" class=\"widget_text so-panel widget widget_custom_html panel-first-child panel-last-child\" data-index=\"1\" ><div class=\"textwidget custom-html-widget\"><div id=\"cyber-location\">\n\t<h4>Valores e Condi\u00e7\u00f5es v\u00e1lidas para Bela Cruz\/CE, <a href=\"#boxzilla-209\">clique aqui<\/a> para selecionar outra cidade.<\/h4>\n<\/div>\n<div id=\"cyber-location-2\">\n\t<h4>Valores e Condi\u00e7\u00f5es v\u00e1lidas para Bela Cruz\/CE,<br> <a href=\"#boxzilla-209\">clique aqui<\/a> para selecionar outra cidade.<\/h4>\n<\/div><\/div><\/div><\/div><\/div><\/div><div id=\"pg-2-2\"  class=\"panel-grid panel-has-style\" ><div style=\"background-color: #e4ebf1; \" id=\"cyber-plans\" class=\"panel-row-style panel-row-style-for-2-2\" ><div id=\"pgc-2-2-0\"  class=\"panel-grid-cell\" ><div id=\"panel-2-2-0-0\" class=\"widget_text so-panel widget widget_custom_html panel-first-child panel-last-child\" data-index=\"2\" ><div class=\"widget_text panel-widget-style panel-widget-style-for-2-2-0-0\" ><div class=\"textwidget custom-html-widget\"><div class=\"cyber-plans-top\">\n\t<strong>70<\/strong>Megas\n<\/div>\n<div class=\"cyber-plans-speed\">\n\t<figure>\n\t<img src=\"\/extras\/images\/speedtest_50mb.svg\" alt=\"700 Megas\">\n\t<\/figure>\n<\/div>\n<div class=\"cyber-plans-benefits\">\n\t<p class=\"zebra check\">100% <strong>Fibra \u00d3ptica<\/strong><\/p>\n\t<p class=\"check\"><strong>WI-FI <\/strong>Incluso<\/p>\n\t<p class=\"zebra check\">Ultra <strong>Upload<\/strong><\/p>\n\t<p class=\"check\"><strong>Suporte <\/strong>Garantido<\/p>\n\t<p class=\"zebra netflix\">CDN* <strong>Netflix<\/strong><\/p>\n\t<p class=\"facebook\">CDN* <strong>Facebook<\/strong><\/p>\n\t<p class=\"zebra google\">CDN* <strong>Google<\/strong><\/p>\n<\/div>\n<div class=\"cyber-plans-price\">\n\t<span class=\"price\"><small>R$<\/small>59,<small>90<\/small><\/span>\n<\/div>\n<div class=\"cyber-plans-bottom fifty\">\n\t<a href=\"\/belacruz\/assine-ja-70-megas\">Assine j\u00e1!<\/a>\n<\/div><\/div><\/div><\/div><\/div><div id=\"pgc-2-2-1\"  class=\"panel-grid-cell\" ><div id=\"panel-2-2-1-0\" class=\"widget_text so-panel widget widget_custom_html panel-first-child panel-last-child\" data-index=\"3\" ><div class=\"widget_text panel-widget-style panel-widget-style-for-2-2-1-0\" ><div class=\"textwidget custom-html-widget\"><div class=\"cyber-plans-top\">\n\t<strong>150<\/strong>Megas\n<\/div>\n<div class=\"cyber-plans-speed\">\n\t<figure>\n\t<img src=\"\/extras\/images\/speedtest_100mb.svg\" alt=\"150 Megas\">\n\t<\/figure>\n<\/div>\n<div class=\"cyber-plans-benefits\">\n\t<p class=\"zebra check\">100% <strong>Fibra \u00d3ptica<\/strong><\/p>\n\t<p class=\"check\"><strong>WI-FI <\/strong>Incluso<\/p>\n\t<p class=\"zebra check\">Ultra <strong>Upload<\/strong><\/p>\n\t<p class=\"check\"><strong>Suporte <\/strong>Garantido<\/p>\n\t<p class=\"zebra netflix\">CDN* <strong>Netflix<\/strong><\/p>\n\t<p class=\"facebook\">CDN* <strong>Facebook<\/strong><\/p>\n\t<p class=\"zebra google\">CDN* <strong>Google<\/strong><\/p>\n<\/div>\n<div class=\"cyber-plans-price\">\n\t<span class=\"price\"><small>R$<\/small>69,<small>90<\/small><\/span>\n<\/div>\n<div class=\"cyber-plans-bottom hundred\">\n\t<a href=\"\/belacruz\/assine-ja-150-megas\">Assine j\u00e1!<\/a>\n<\/div><\/div><\/div><\/div><\/div><div id=\"pgc-2-2-2\"  class=\"panel-grid-cell\" ><div id=\"panel-2-2-2-0\" class=\"widget_text so-panel widget widget_custom_html panel-first-child panel-last-child\" data-index=\"4\" ><div class=\"widget_text panel-widget-style panel-widget-style-for-2-2-2-0\" ><div class=\"textwidget custom-html-widget\"><div class=\"cyber-plans-top\">\n\t<strong>300<\/strong>Megas\n<\/div>\n<div class=\"cyber-plans-speed\">\n\t<figure>\n\t<img src=\"\/extras\/images\/speedtest_170mb.svg\" alt=\"300 Megas\">\n\t<\/figure>\n<\/div>\n<div class=\"cyber-plans-benefits\">\n\t<p class=\"zebra check\">100% <strong>Fibra \u00d3ptica<\/strong><\/p>\n\t<p class=\"check\"><strong>WI-FI <\/strong>Incluso<\/p>\n\t<p class=\"zebra check\">Ultra <strong>Upload<\/strong><\/p>\n\t<p class=\"check\"><strong>Suporte <\/strong>Garantido<\/p>\n\t<p class=\"zebra netflix\">CDN* <strong>Netflix<\/strong><\/p>\n\t<p class=\"facebook\">CDN* <strong>Facebook<\/strong><\/p>\n\t<p class=\"zebra google\">CDN* <strong>Google<\/strong><\/p>\n<\/div>\n<div class=\"cyber-plans-price\">\n\t<span class=\"price\"><small>R$<\/small>89,<small>90<\/small><\/span>\n<\/div>\n<div class=\"cyber-plans-bottom hundred-seventy\">\n\t<a href=\"\/belacruz\/assine-ja-300-megas\">Assine j\u00e1!<\/a>\n<\/div><\/div><\/div><\/div><\/div><\/div><\/div><div id=\"pg-2-3\"  class=\"panel-grid panel-has-style\" ><div id=\"cyber-plans-mobile\" class=\"panel-row-style panel-row-style-for-2-3\" ><div id=\"pgc-2-3-0\"  class=\"panel-grid-cell\" ><div id=\"panel-2-3-0-0\" class=\"widget_text so-panel widget widget_custom_html panel-first-child\" data-index=\"5\" ><div class=\"widget_text panel-widget-style panel-widget-style-for-2-3-0-0\" ><div class=\"textwidget custom-html-widget\"><span>&#139; Deslize para o lado para ver mais... &#155;<\/span><\/div><\/div><\/div><div id=\"panel-2-3-0-1\" class=\"so-panel widget widget_sow-hero panel-last-child\" data-index=\"6\" ><div class=\"so-widget-sow-hero so-widget-sow-hero-default-ce801cd27dfe-2 so-widget-fittext-wrapper\" data-fit-text-compressor=\"0.85\"><div class=\"sow-slider-base\" style=\"display: none\"><ul class=\"sow-slider-images\" data-settings=\"{&quot;pagination&quot;:true,&quot;speed&quot;:800,&quot;timeout&quot;:8000,&quot;paused&quot;:false,&quot;pause_on_hover&quot;:false,&quot;swipe&quot;:true,&quot;nav_always_show_desktop&quot;:&quot;&quot;,&quot;nav_always_show_mobile&quot;:&quot;&quot;,&quot;breakpoint&quot;:&quot;780px&quot;,&quot;unmute&quot;:false}\">\t\t<li class=\"sow-slider-image\" style=\"background-color: #e4ebf1\" >\n\t\t\t\t\t<div class=\"sow-slider-image-container\">\n\t\t\t<div class=\"sow-slider-image-wrapper\">\n\t\t\t\t<div class=\"cyber-plans-container\">\n<div class=\"cyber-plans-top\"><strong>70<\/strong>Megas<\/div>\n<div class=\"cyber-plans-speed\">\n<figure><img src=\"\/new\/extras\/images\/speedtest_50mb.svg\" alt=\"70 Megas\" \/><\/figure>\n<\/div>\n<div class=\"cyber-plans-benefits\">\n<p class=\"zebra check\">100% <strong>Fibra \u00d3ptica<\/strong><\/p>\n<p class=\"check\"><strong>WI-FI <\/strong>Incluso<\/p>\n<p class=\"zebra check\">Ultra <strong>Upload<\/strong><\/p>\n<p class=\"check\"><strong>Suporte <\/strong>Garantido<\/p>\n<p class=\"zebra netflix\">CDN* <strong>Netflix<\/strong><\/p>\n<p class=\"facebook\">CDN* <strong>Facebook<\/strong><\/p>\n<p class=\"zebra google\">CDN* <strong>Google<\/strong><\/p>\n\n<\/div>\n<div class=\"cyber-plans-price\"><span class=\"price\"><small>R$<\/small>59,<small>90<\/small><\/span><\/div>\n<div class=\"cyber-plans-bottom fifty\"><a href=\"\/belacruz\/assine-ja-70-megas\">Assine j\u00e1!<\/a><\/div>\n<\/div>\t\t\t<\/div>\n\t\t<\/div>\n\t\t\t\t<\/li>\n\t\t\t\t<li class=\"sow-slider-image\" style=\"background-color: #e4ebf1\" >\n\t\t\t\t\t<div class=\"sow-slider-image-container\">\n\t\t\t<div class=\"sow-slider-image-wrapper\">\n\t\t\t\t<div class=\"cyber-plans-container\">\n<div class=\"cyber-plans-top\"><strong>150<\/strong>Megas<\/div>\n<div class=\"cyber-plans-speed\">\n<figure><img src=\"\/new\/extras\/images\/speedtest_100mb.svg\" alt=\"150 Megas\" \/><\/figure>\n<\/div>\n<div class=\"cyber-plans-benefits\">\n<p class=\"zebra check\">100% <strong>Fibra \u00d3ptica<\/strong><\/p>\n<p class=\"check\"><strong>WI-FI <\/strong>Incluso<\/p>\n<p class=\"zebra check\">Ultra <strong>Upload<\/strong><\/p>\n<p class=\"check\"><strong>Suporte <\/strong>Garantido<\/p>\n<p class=\"zebra netflix\">CDN* <strong>Netflix<\/strong><\/p>\n<p class=\"facebook\">CDN* <strong>Facebook<\/strong><\/p>\n<p class=\"zebra google\">CDN* <strong>Google<\/strong><\/p>\n\n<\/div>\n<div class=\"cyber-plans-price\"><span class=\"price\"><small>R$<\/small>69,<small>90<\/small><\/span><\/div>\n<div class=\"cyber-plans-bottom hundred\"><a href=\"\/belacruz\/assine-ja-150-megas\">Assine j\u00e1!<\/a><\/div>\n<\/div>\t\t\t<\/div>\n\t\t<\/div>\n\t\t\t\t<\/li>\n\t\t\t\t<li class=\"sow-slider-image\" style=\"background-color: #e4ebf1\" >\n\t\t\t\t\t<div class=\"sow-slider-image-container\">\n\t\t\t<div class=\"sow-slider-image-wrapper\">\n\t\t\t\t<div class=\"cyber-plans-container\">\n<div class=\"cyber-plans-top\"><strong>300<\/strong>Megas<\/div>\n<div class=\"cyber-plans-speed\">\n<figure><img src=\"\/new\/extras\/images\/speedtest_170mb.svg\" alt=\"300 Megas\" \/><\/figure>\n<\/div>\n<div class=\"cyber-plans-benefits\">\n<p class=\"zebra check\">100% <strong>Fibra \u00d3ptica<\/strong><\/p>\n<p class=\"check\"><strong>WI-FI <\/strong>Incluso<\/p>\n<p class=\"zebra check\">Ultra <strong>Upload<\/strong><\/p>\n<p class=\"check\"><strong>Suporte <\/strong>Garantido<\/p>\n<p class=\"zebra netflix\">CDN* <strong>Netflix<\/strong><\/p>\n<p class=\"facebook\">CDN* <strong>Facebook<\/strong><\/p>\n<p class=\"zebra google\">CDN* <strong>Google<\/strong><\/p>\n\n<\/div>\n<div class=\"cyber-plans-price\"><span class=\"price\"><small>R$<\/small>89,<small>90<\/small><\/span><\/div>\n<div class=\"cyber-plans-bottom hundred-seventy\"><a href=\"\/belacruz\/assine-ja-300-megas\">Assine j\u00e1!<\/a><\/div>\n<\/div>\t\t\t<\/div>\n\t\t<\/div>\n\t\t\t\t<\/li>\n\t\t<\/ul>\t\t\t\t<ol class=\"sow-slider-pagination\">\n\t\t\t\t\t\t\t\t\t\t\t<li><a href=\"#\" data-goto=\"0\" aria-label=\"display slide 1\"><\/a><\/li>\n\t\t\t\t\t\t\t\t\t\t\t<li><a href=\"#\" data-goto=\"1\" aria-label=\"display slide 2\"><\/a><\/li>\n\t\t\t\t\t\t\t\t\t\t\t<li><a href=\"#\" data-goto=\"2\" aria-label=\"display slide 3\"><\/a><\/li>\n\t\t\t\t\t\t\t\t\t<\/ol>\n\n\t\t\t\t<div class=\"sow-slide-nav sow-slide-nav-next\">\n\t\t\t\t\t<a href=\"#\" data-goto=\"next\" aria-label=\"next slide\" data-action=\"next\">\n\t\t\t\t\t\t<em class=\"sow-sld-icon-thin-right\"><\/em>\n\t\t\t\t\t<\/a>\n\t\t\t\t<\/div>\n\n\t\t\t\t<div class=\"sow-slide-nav sow-slide-nav-prev\">\n\t\t\t\t\t<a href=\"#\" data-goto=\"previous\" aria-label=\"previous slide\" data-action=\"prev\">\n\t\t\t\t\t\t<em class=\"sow-sld-icon-thin-left\"><\/em>\n\t\t\t\t\t<\/a>\n\t\t\t\t<\/div>\n\t\t\t\t<\/div><\/div><\/div><\/div><\/div><\/div><div id=\"pg-2-4\"  class=\"panel-grid panel-no-style\" ><div id=\"pgc-2-4-0\"  class=\"panel-grid-cell\" ><div id=\"panel-2-4-0-0\" class=\"widget_text so-panel widget widget_custom_html panel-first-child panel-last-child\" data-index=\"7\" ><div class=\"widget_text panel-widget-style panel-widget-style-for-2-4-0-0\" ><div class=\"textwidget custom-html-widget\"><div class=\"cyber-services\">\n\t<div class=\"planos-fibra-optica\">\n\t\t<p class=\"overline\">Fibra \u00d3ptica<\/p>\n\t\t<p class=\"h3\">Voc\u00ea sempre ter\u00e1 alta velocidade. N\u00e3o importa quantas pessoas compartilhem* a mesma conex\u00e3o!<\/p>\n\t<\/div>\n<\/div><\/div><\/div><\/div><\/div><div id=\"pgc-2-4-1\"  class=\"panel-grid-cell\" ><div id=\"panel-2-4-1-0\" class=\"widget_text so-panel widget widget_custom_html panel-first-child panel-last-child\" data-index=\"8\" ><div class=\"widget_text panel-widget-style panel-widget-style-for-2-4-1-0\" ><div class=\"textwidget custom-html-widget\"><div class=\"cyber-services\">\n\t<div class=\"cdn\">\n\t\t<p class=\"overline\">Conte\u00fado<\/p>\n\t\t<p class=\"h3\">Servidores das maiores Redes e dos maiores Provedores de Conte\u00fado do Mundo em nosso Datacenter!<\/p>\n\t<\/div>\n<\/div><\/div><\/div><\/div><\/div><\/div><div id=\"pg-2-5\"  class=\"panel-grid panel-has-style\" ><div class=\"cyber-faq siteorigin-panels-stretch panel-row-style-full-width panel-row-style panel-row-style-for-2-5\" id=\"cyber-faq\" data-stretch-type=\"full-stretched\" ><div id=\"pgc-2-5-0\"  class=\"panel-grid-cell\" ><div id=\"panel-2-5-0-0\" class=\"so-panel widget widget_sow-accordion panel-first-child panel-last-child\" data-index=\"9\" ><div class=\"panel-widget-style panel-widget-style-for-2-5-0-0\" ><div class=\"so-widget-sow-accordion so-widget-sow-accordion-default-d1d0fb03ec73-2\"><div>\n\t<div class=\"sow-accordion\">\n\t\t\t<div class=\"sow-accordion-panel sow-accordion-panel-open\"\n\t\t\t data-anchor=\"informa%c3%a7%c3%b5es-legais\">\n\t\t\t\t<div class=\"sow-accordion-panel-header-container\" role=\"heading\" aria-level=\"2\">\n\t\t\t\t\t<div class=\"sow-accordion-panel-header\" tabindex=\"0\" role=\"button\" id=\"accordion-label-informa%c3%a7%c3%b5es-legais\" aria-controls=\"accordion-content-informa%c3%a7%c3%b5es-legais\" aria-expanded=\"true\">\n\t\t\t\t\t\t<div class=\"sow-accordion-title sow-accordion-title-icon-left\">\n\t\t\t\t\t\t\t\t\t\t\t\t\t\tInforma\u00e7\u00f5es Legais\t\t\t\t\t\t\t\t\t\t\t\t\t<\/div>\n\t\t\t\t\t\t<div class=\"sow-accordion-open-close-button\">\n\t\t\t\t\t\t\t<div class=\"sow-accordion-open-button\">\n\t\t\t\t\t\t\t\t<span class=\"sow-icon-ionicons\" data-sow-icon=\"&#xf218;\"\n\t\t ><\/span>\t\t\t\t\t\t\t<\/div>\n\t\t\t\t\t\t\t<div class=\"sow-accordion-close-button\">\n\t\t\t\t\t\t\t\t<span class=\"sow-icon-ionicons\" data-sow-icon=\"&#xf209;\"\n\t\t ><\/span>\t\t\t\t\t\t\t<\/div>\n\t\t\t\t\t\t<\/div>\n\t\t\t\t\t<\/div>\n\t\t\t\t<\/div>\n\n\t\t\t<div\n\t\t\t\tclass=\"sow-accordion-panel-content\"\n\t\t\t\trole=\"region\"\n\t\t\t\taria-labelledby=\"accordion-label-informa%c3%a7%c3%b5es-legais\"\n\t\t\t\tid=\"accordion-content-informa%c3%a7%c3%b5es-legais\"\n\t\t\t\t\t\t\t>\n\t\t\t\t<div class=\"sow-accordion-panel-border\" tabindex=\"0\">\n\t\t\t\t\t<p>Consulte disponibilidade e viabilidade t\u00e9cnica para seu endere\u00e7o. Valores e Planos v\u00e1lidos para a cidade de Acara\u00fa\/CE. Sujeito a altera\u00e7\u00e3o sem aviso pr\u00e9vio.<\/p>\t\t\t\t<\/div>\n\t\t\t<\/div>\n\t\t<\/div>\n\t\t\t<div class=\"sow-accordion-panel sow-accordion-panel-open\"\n\t\t\t data-anchor=\"o-que-%c3%a9-cdn\">\n\t\t\t\t<div class=\"sow-accordion-panel-header-container\" role=\"heading\" aria-level=\"2\">\n\t\t\t\t\t<div class=\"sow-accordion-panel-header\" tabindex=\"0\" role=\"button\" id=\"accordion-label-o-que-%c3%a9-cdn\" aria-controls=\"accordion-content-o-que-%c3%a9-cdn\" aria-expanded=\"true\">\n\t\t\t\t\t\t<div class=\"sow-accordion-title sow-accordion-title-icon-left\">\n\t\t\t\t\t\t\t\t\t\t\t\t\t\t*O que \u00e9 CDN?\t\t\t\t\t\t\t\t\t\t\t\t\t<\/div>\n\t\t\t\t\t\t<div class=\"sow-accordion-open-close-button\">\n\t\t\t\t\t\t\t<div class=\"sow-accordion-open-button\">\n\t\t\t\t\t\t\t\t<span class=\"sow-icon-ionicons\" data-sow-icon=\"&#xf218;\"\n\t\t ><\/span>\t\t\t\t\t\t\t<\/div>\n\t\t\t\t\t\t\t<div class=\"sow-accordion-close-button\">\n\t\t\t\t\t\t\t\t<span class=\"sow-icon-ionicons\" data-sow-icon=\"&#xf209;\"\n\t\t ><\/span>\t\t\t\t\t\t\t<\/div>\n\t\t\t\t\t\t<\/div>\n\t\t\t\t\t<\/div>\n\t\t\t\t<\/div>\n\n\t\t\t<div\n\t\t\t\tclass=\"sow-accordion-panel-content\"\n\t\t\t\trole=\"region\"\n\t\t\t\taria-labelledby=\"accordion-label-o-que-%c3%a9-cdn\"\n\t\t\t\tid=\"accordion-content-o-que-%c3%a9-cdn\"\n\t\t\t\t\t\t\t>\n\t\t\t\t<div class=\"sow-accordion-panel-border\" tabindex=\"0\">\n\t\t\t\t\t<p>*CDN = Abrevia\u00e7\u00e3o de Content Delivery Network (ou Rede de Distribui\u00e7\u00e3o de Conte\u00fado). \u00c9 uma rede de servidores (pontos de presen\u00e7a) que armazenam r\u00e9plicas do conte\u00fado de outros sites na mem\u00f3ria (cache) e depois os entrega aos visitantes, baseando-se na localiza\u00e7\u00e3o geogr\u00e1fica para conect\u00e1-los ao servidor mais pr\u00f3ximo e mais r\u00e1pido, reduzindo o tempo de transfer\u00eancia dos dados (lat\u00eancia).<\/p>\n<p>Somos CDN das maiores Redes Sociais: Facebook e Instagram, e dos maiores Provedores de Conte\u00fado da atualidade: Youtube e Netflix. \u00c9 entretenimento chegando com a m\u00e1xima qualidade at\u00e9 voc\u00ea.<\/p>\t\t\t\t<\/div>\n\t\t\t<\/div>\n\t\t<\/div>\n\t\t<\/div>\n<\/div>\n<\/div><\/div><\/div><\/div><\/div><\/div><\/div>","protected":false},"excerpt":{"rendered":"<p>Para sua casa Conhe\u00e7a nossos Planos e selecione o que mais se adequa a sua necessidade. Contrate j\u00e1 o seu! Valores e Condi\u00e7\u00f5es v\u00e1lidas para Bela Cruz\/CE, clique aqui para selecionar outra cidade. Valores e Condi\u00e7\u00f5es v\u00e1lidas para Bela Cruz\/CE, clique aqui para selecionar outra cidade. 70Megas 100% Fibra \u00d3ptica WI-FI Incluso Ultra Upload Suporte [&hellip;]<\/p>\n","protected":false},"author":1,"featured_media":0,"parent":0,"menu_order":0,"comment_status":"closed","ping_status":"open","template":"templates\/template-full-notitle.php","meta":[],"_links":{"self":[{"href":"https:\/\/www.cyberinfo.net.br\/belacruz\/wp-json\/wp\/v2\/pages\/2"}],"collection":[{"href":"https:\/\/www.cyberinfo.net.br\/belacruz\/wp-json\/wp\/v2\/pages"}],"about":[{"href":"https:\/\/www.cyberinfo.net.br\/belacruz\/wp-json\/wp\/v2\/types\/page"}],"author":[{"embeddable":true,"href":"https:\/\/www.cyberinfo.net.br\/belacruz\/wp-json\/wp\/v2\/users\/1"}],"replies":[{"embeddable":true,"href":"https:\/\/www.cyberinfo.net.br\/belacruz\/wp-json\/wp\/v2\/comments?post=2"}],"version-history":[{"count":486,"href":"https:\/\/www.cyberinfo.net.br\/belacruz\/wp-json\/wp\/v2\/pages\/2\/revisions"}],"predecessor-version":[{"id":210,"href":"https:\/\/www.cyberinfo.net.br\/belacruz\/wp-json\/wp\/v2\/pages\/2\/revisions\/210"}],"wp:attachment":[{"href":"https:\/\/www.cyberinfo.net.br\/belacruz\/wp-json\/wp\/v2\/media?parent=2"}],"curies":[{"name":"wp","href":"https:\/\/api.w.org\/{rel}","templated":true}]}}