{"id":569,"date":"2019-11-14T00:43:00","date_gmt":"2019-11-14T03:43:00","guid":{"rendered":"http:\/\/cyberinfo.net.br\/new\/?page_id=569"},"modified":"2020-01-06T10:48:39","modified_gmt":"2020-01-06T13:48:39","slug":"para-sua-empresa","status":"publish","type":"page","link":"https:\/\/www.cyberinfo.net.br\/belacruz\/para-sua-empresa\/","title":{"rendered":"Para sua Empresa"},"content":{"rendered":"<div id=\"pl-569\"  class=\"panel-layout\" ><div id=\"pg-569-0\"  class=\"panel-grid panel-has-style\" ><div class=\"siteorigin-panels-stretch panel-row-style-full-width panel-row-style panel-row-style-for-569-0\" data-stretch-type=\"full-stretched\" ><div id=\"pgc-569-0-0\"  class=\"panel-grid-cell\" ><div id=\"panel-569-0-0-0\" class=\"widget_text so-panel widget widget_custom_html panel-first-child panel-last-child\" data-index=\"0\" ><div class=\"widget_text panel-widget-style panel-widget-style-for-569-0-0-0\" ><div class=\"textwidget custom-html-widget\"><div id=\"cyber-company-header\">\n\t<div class=\"para-sua-empresa\">\n\t\t<p class=\"title\">Para sua empresa<\/p>\n\t\t<figure>\n\t\t\t<img src=\"\/new\/extras\/images\/color_line.svg\" alt=\"\" width=\"166px\">\t\n\t\t<\/figure>\n\t\t<p class=\"h3\">Conex\u00e3o para turbinar ainda mais seus neg\u00f3cios:<br>Link Dedicado e Rede Privada Corporativa<\/p>\n\t<\/div>\n<\/div><\/div><\/div><\/div><\/div><\/div><\/div><div id=\"pg-569-1\"  class=\"panel-grid panel-has-style\" ><div class=\"siteorigin-panels-stretch panel-row-style-full-width panel-row-style panel-row-style-for-569-1\" id=\"cyber-plans-header\" data-stretch-type=\"full-stretched\" ><div id=\"pgc-569-1-0\"  class=\"panel-grid-cell\" ><div id=\"panel-569-1-0-0\" class=\"widget_text so-panel widget widget_custom_html panel-first-child panel-last-child\" data-index=\"1\" ><div class=\"textwidget custom-html-widget\"><div id=\"cyber-location\">\n\t<h4>Servi\u00e7os e Condi\u00e7\u00f5es v\u00e1lidas para Bela Cruz\/CE, <a href=\"#boxzilla-209\">clique aqui<\/a> para selecionar outra cidade.<\/h4>\n<\/div>\n<div id=\"cyber-location-2\">\n\t<h4>Servi\u00e7os e Condi\u00e7\u00f5es v\u00e1lidas para Bela Cruz\/CE,<br> <a href=\"#boxzilla-209\">clique aqui<\/a> para selecionar outra cidade.<\/h4>\n<\/div><\/div><\/div><\/div><\/div><\/div><div id=\"pg-569-2\"  class=\"panel-grid panel-no-style\" ><div id=\"pgc-569-2-0\"  class=\"panel-grid-cell\" ><div id=\"panel-569-2-0-0\" class=\"widget_text so-panel widget widget_custom_html panel-first-child panel-last-child\" data-index=\"2\" ><div class=\"widget_text panel-widget-style panel-widget-style-for-569-2-0-0\" ><div class=\"textwidget custom-html-widget\"><div class=\"cyber-services\">\n\t<div class=\"internet-dedicada\">\n\t\t<p class=\"overline\">Link dedicado<\/p>\n\t\t<p class=\"h3\">Internet com alto desempenho, confiabilidade e seguran\u00e7a<\/p>\n\t\t<a href=\"\/belacruz\/assine-ja-link-dedicado\">Saiba mais<\/a>\n\t<\/div>\n<\/div><\/div><\/div><\/div><\/div><div id=\"pgc-569-2-1\"  class=\"panel-grid-cell\" ><div id=\"panel-569-2-1-0\" class=\"widget_text so-panel widget widget_custom_html panel-first-child panel-last-child\" data-index=\"3\" ><div class=\"widget_text panel-widget-style panel-widget-style-for-569-2-1-0\" ><div class=\"textwidget custom-html-widget\"><div class=\"cyber-services\">\n\t<div class=\"redes-corporativas\">\n\t\t<p class=\"overline\">Rede corporativa<\/p>\n\t\t<p class=\"h3\">Redes privadas de alta velocidade e disponibilidade para integrar matriz e filiais<\/p>\n\t\t<a href=\"\/belacruz\/assine-ja-rede-corporativa\">Saiba mais<\/a>\n\t<\/div>\n<\/div><\/div><\/div><\/div><\/div><\/div><div id=\"pg-569-3\"  class=\"panel-grid panel-has-style\" ><div class=\"siteorigin-panels-stretch panel-row-style-full-width panel-row-style panel-row-style-for-569-3\" id=\"cyber-faq\" data-stretch-type=\"full-stretched\" ><div id=\"pgc-569-3-0\"  class=\"panel-grid-cell\" ><div id=\"panel-569-3-0-0\" class=\"so-panel widget widget_sow-accordion panel-first-child panel-last-child\" data-index=\"4\" ><div class=\"cyber-faq panel-widget-style panel-widget-style-for-569-3-0-0\" id=\"cyber-faq\" ><div class=\"so-widget-sow-accordion so-widget-sow-accordion-default-a6506e6763f3-569\"><div>\n\t<div class=\"sow-accordion\">\n\t\t\t<div class=\"sow-accordion-panel sow-accordion-panel-open\"\n\t\t\t data-anchor=\"informa%c3%a7%c3%b5es-legais\">\n\t\t\t\t<div class=\"sow-accordion-panel-header-container\" role=\"heading\" aria-level=\"2\">\n\t\t\t\t\t<div class=\"sow-accordion-panel-header\" tabindex=\"0\" role=\"button\" id=\"accordion-label-informa%c3%a7%c3%b5es-legais\" aria-controls=\"accordion-content-informa%c3%a7%c3%b5es-legais\" aria-expanded=\"true\">\n\t\t\t\t\t\t<div class=\"sow-accordion-title sow-accordion-title-icon-left\">\n\t\t\t\t\t\t\t\t\t\t\t\t\t\tInforma\u00e7\u00f5es Legais\t\t\t\t\t\t\t\t\t\t\t\t\t<\/div>\n\t\t\t\t\t\t<div class=\"sow-accordion-open-close-button\">\n\t\t\t\t\t\t\t<div class=\"sow-accordion-open-button\">\n\t\t\t\t\t\t\t\t<span class=\"sow-icon-ionicons\" data-sow-icon=\"&#xf218;\"\n\t\t ><\/span>\t\t\t\t\t\t\t<\/div>\n\t\t\t\t\t\t\t<div class=\"sow-accordion-close-button\">\n\t\t\t\t\t\t\t\t<span class=\"sow-icon-ionicons\" data-sow-icon=\"&#xf209;\"\n\t\t ><\/span>\t\t\t\t\t\t\t<\/div>\n\t\t\t\t\t\t<\/div>\n\t\t\t\t\t<\/div>\n\t\t\t\t<\/div>\n\n\t\t\t<div\n\t\t\t\tclass=\"sow-accordion-panel-content\"\n\t\t\t\trole=\"region\"\n\t\t\t\taria-labelledby=\"accordion-label-informa%c3%a7%c3%b5es-legais\"\n\t\t\t\tid=\"accordion-content-informa%c3%a7%c3%b5es-legais\"\n\t\t\t\t\t\t\t>\n\t\t\t\t<div class=\"sow-accordion-panel-border\" tabindex=\"0\">\n\t\t\t\t\t<p>Consulte disponibilidade e viabilidade t\u00e9cnica para seu endere\u00e7o. Sujeito a altera\u00e7\u00e3o sem aviso pr\u00e9vio.<\/p>\t\t\t\t<\/div>\n\t\t\t<\/div>\n\t\t<\/div>\n\t\t\t<div class=\"sow-accordion-panel sow-accordion-panel-open\"\n\t\t\t data-anchor=\"o-que-%c3%a9-link-dedicado\">\n\t\t\t\t<div class=\"sow-accordion-panel-header-container\" role=\"heading\" aria-level=\"2\">\n\t\t\t\t\t<div class=\"sow-accordion-panel-header\" tabindex=\"0\" role=\"button\" id=\"accordion-label-o-que-%c3%a9-link-dedicado\" aria-controls=\"accordion-content-o-que-%c3%a9-link-dedicado\" aria-expanded=\"true\">\n\t\t\t\t\t\t<div class=\"sow-accordion-title sow-accordion-title-icon-left\">\n\t\t\t\t\t\t\t\t\t\t\t\t\t\tO que \u00e9 Link Dedicado?\t\t\t\t\t\t\t\t\t\t\t\t\t<\/div>\n\t\t\t\t\t\t<div class=\"sow-accordion-open-close-button\">\n\t\t\t\t\t\t\t<div class=\"sow-accordion-open-button\">\n\t\t\t\t\t\t\t\t<span class=\"sow-icon-ionicons\" data-sow-icon=\"&#xf218;\"\n\t\t ><\/span>\t\t\t\t\t\t\t<\/div>\n\t\t\t\t\t\t\t<div class=\"sow-accordion-close-button\">\n\t\t\t\t\t\t\t\t<span class=\"sow-icon-ionicons\" data-sow-icon=\"&#xf209;\"\n\t\t ><\/span>\t\t\t\t\t\t\t<\/div>\n\t\t\t\t\t\t<\/div>\n\t\t\t\t\t<\/div>\n\t\t\t\t<\/div>\n\n\t\t\t<div\n\t\t\t\tclass=\"sow-accordion-panel-content\"\n\t\t\t\trole=\"region\"\n\t\t\t\taria-labelledby=\"accordion-label-o-que-%c3%a9-link-dedicado\"\n\t\t\t\tid=\"accordion-content-o-que-%c3%a9-link-dedicado\"\n\t\t\t\t\t\t\t>\n\t\t\t\t<div class=\"sow-accordion-panel-border\" tabindex=\"0\">\n\t\t\t\t\t<p>Um Link Dedicado, tamb\u00e9m conhecido como IP dedicado, consiste numa solu\u00e7\u00e3o para corpora\u00e7\u00f5es que necessitam de total garantia de velocidade e disponibilidade de conex\u00e3o \u00e0 web. Para que ocorra uma conex\u00e3o com a web, um computador necessita trocar dados e informa\u00e7\u00f5es com o provedor, o que ocorre por meio de um caminho exclusivo no Link Dedicado<\/p>\n<p>S\u00e3o caracter\u00edsticas do Link Dedicado: Acesso mais est\u00e1vel, seguro, \u00e1gil e com escalabilidade elevada. Por meio dessa conex\u00e3o, a organiza\u00e7\u00e3o fica conectada a uma porta roteadora, eliminando o tr\u00e1fego de rede menor tempo de reparo quando ocorre alguma interrup\u00e7\u00e3o.<\/p>\n<p>A disponibilidade de uso de endere\u00e7os IPs (p\u00fablicos e fixos) que s\u00e3o alocados exclusivamente para a rede da organiza\u00e7\u00e3o, permite que servi\u00e7os de comunica\u00e7\u00e3o externa possam ser instalados e operados a partir da rede interna do cliente.<\/p>\t\t\t\t<\/div>\n\t\t\t<\/div>\n\t\t<\/div>\n\t\t\t<div class=\"sow-accordion-panel sow-accordion-panel-open\"\n\t\t\t data-anchor=\"o-que-%c3%a9-rede-corporativa\">\n\t\t\t\t<div class=\"sow-accordion-panel-header-container\" role=\"heading\" aria-level=\"2\">\n\t\t\t\t\t<div class=\"sow-accordion-panel-header\" tabindex=\"0\" role=\"button\" id=\"accordion-label-o-que-%c3%a9-rede-corporativa\" aria-controls=\"accordion-content-o-que-%c3%a9-rede-corporativa\" aria-expanded=\"true\">\n\t\t\t\t\t\t<div class=\"sow-accordion-title sow-accordion-title-icon-left\">\n\t\t\t\t\t\t\t\t\t\t\t\t\t\tO que \u00e9 Rede Corporativa?\t\t\t\t\t\t\t\t\t\t\t\t\t<\/div>\n\t\t\t\t\t\t<div class=\"sow-accordion-open-close-button\">\n\t\t\t\t\t\t\t<div class=\"sow-accordion-open-button\">\n\t\t\t\t\t\t\t\t<span class=\"sow-icon-ionicons\" data-sow-icon=\"&#xf218;\"\n\t\t ><\/span>\t\t\t\t\t\t\t<\/div>\n\t\t\t\t\t\t\t<div class=\"sow-accordion-close-button\">\n\t\t\t\t\t\t\t\t<span class=\"sow-icon-ionicons\" data-sow-icon=\"&#xf209;\"\n\t\t ><\/span>\t\t\t\t\t\t\t<\/div>\n\t\t\t\t\t\t<\/div>\n\t\t\t\t\t<\/div>\n\t\t\t\t<\/div>\n\n\t\t\t<div\n\t\t\t\tclass=\"sow-accordion-panel-content\"\n\t\t\t\trole=\"region\"\n\t\t\t\taria-labelledby=\"accordion-label-o-que-%c3%a9-rede-corporativa\"\n\t\t\t\tid=\"accordion-content-o-que-%c3%a9-rede-corporativa\"\n\t\t\t\t\t\t\t>\n\t\t\t\t<div class=\"sow-accordion-panel-border\" tabindex=\"0\">\n\t\t\t\t\t<p>Rede corporativa \u00e9 um sistema de transmiss\u00e3o de dados que transfere informa\u00e7\u00f5es entre diversos equipamentos de uma mesma corpora\u00e7\u00e3o, tais como computadores pessoais, servidores de documentos e arquivos, impressoras, c\u00e2meras de v\u00eddeo, e entre alguns desses equipamentos e o mundo externo.<\/p>\n<p>Oferecemos o servi\u00e7o de Rede Corporativa Privada, onde sua empresa pode interligar matriz e filiais, dispondo de seguran\u00e7a e rapidez na transmiss\u00e3o de seus dados, tornando assim seus neg\u00f3cios cada vez mais fluentes e confi\u00e1veis a seus clientes e colaboradores.<\/p>\t\t\t\t<\/div>\n\t\t\t<\/div>\n\t\t<\/div>\n\t\t<\/div>\n<\/div>\n<\/div><\/div><\/div><\/div><\/div><\/div><\/div>","protected":false},"excerpt":{"rendered":"<p>Para sua empresa Conex\u00e3o para turbinar ainda mais seus neg\u00f3cios:Link Dedicado e Rede Privada Corporativa Servi\u00e7os e Condi\u00e7\u00f5es v\u00e1lidas para Bela Cruz\/CE, clique aqui para selecionar outra cidade. Servi\u00e7os e Condi\u00e7\u00f5es v\u00e1lidas para Bela Cruz\/CE, clique aqui para selecionar outra cidade. Link dedicado Internet com alto desempenho, confiabilidade e seguran\u00e7a Saiba mais Rede corporativa Redes [&hellip;]<\/p>\n","protected":false},"author":1,"featured_media":0,"parent":0,"menu_order":0,"comment_status":"closed","ping_status":"open","template":"templates\/template-full-notitle.php","meta":[],"_links":{"self":[{"href":"https:\/\/www.cyberinfo.net.br\/belacruz\/wp-json\/wp\/v2\/pages\/569"}],"collection":[{"href":"https:\/\/www.cyberinfo.net.br\/belacruz\/wp-json\/wp\/v2\/pages"}],"about":[{"href":"https:\/\/www.cyberinfo.net.br\/belacruz\/wp-json\/wp\/v2\/types\/page"}],"author":[{"embeddable":true,"href":"https:\/\/www.cyberinfo.net.br\/belacruz\/wp-json\/wp\/v2\/users\/1"}],"replies":[{"embeddable":true,"href":"https:\/\/www.cyberinfo.net.br\/belacruz\/wp-json\/wp\/v2\/comments?post=569"}],"version-history":[{"count":146,"href":"https:\/\/www.cyberinfo.net.br\/belacruz\/wp-json\/wp\/v2\/pages\/569\/revisions"}],"predecessor-version":[{"id":1976,"href":"https:\/\/www.cyberinfo.net.br\/belacruz\/wp-json\/wp\/v2\/pages\/569\/revisions\/1976"}],"wp:attachment":[{"href":"https:\/\/www.cyberinfo.net.br\/belacruz\/wp-json\/wp\/v2\/media?parent=569"}],"curies":[{"name":"wp","href":"https:\/\/api.w.org\/{rel}","templated":true}]}}