{"id":771,"date":"2019-11-19T10:37:31","date_gmt":"2019-11-19T13:37:31","guid":{"rendered":"http:\/\/cyberinfo.net.br\/new\/?page_id=771"},"modified":"2019-12-03T23:43:34","modified_gmt":"2019-12-04T02:43:34","slug":"assine-ja-link-dedicado","status":"publish","type":"page","link":"https:\/\/www.cyberinfo.net.br\/belacruz\/assine-ja-link-dedicado\/","title":{"rendered":"Assine j\u00e1!"},"content":{"rendered":"<div id=\"pl-771\"  class=\"panel-layout\" ><div id=\"pg-771-0\"  class=\"panel-grid panel-has-style\" ><div class=\"siteorigin-panels-stretch panel-row-style-full-width panel-row-style panel-row-style-for-771-0\" style=\"background-color: #e4ebf1; \" data-stretch-type=\"full\" ><div id=\"pgc-771-0-0\"  class=\"panel-grid-cell\" ><div id=\"panel-771-0-0-0\" class=\"widget_text so-panel widget widget_custom_html panel-first-child panel-last-child\" data-index=\"0\" ><div class=\"textwidget custom-html-widget\"><div id=\"cyber-all-header\">\n\t<div class=\"assine-ja\">\n\t\t<p class=\"title\">O QUE A SUA EMPRESA PRECISA PRA HOJE?<\/p>\n\t\t<figure>\n\t\t\t<img src=\"\/new\/extras\/images\/color_line.svg\" alt=\"\" width=\"166px\">\t\n\t\t<\/figure>\n\t\t<p class=\"h3\">Preencha os dados abaixo, retornaremos em breve com a melhor solu\u00e7\u00e3o para o seu neg\u00f3cio!<\/p>\n\t<\/div>\n<\/div><\/div><\/div><\/div><\/div><\/div><div id=\"pg-771-1\"  class=\"panel-grid panel-no-style\" ><div id=\"pgc-771-1-0\"  class=\"panel-grid-cell\" ><div id=\"panel-771-1-0-0\" class=\"widget_text so-panel widget widget_custom_html panel-first-child panel-last-child\" data-index=\"1\" ><div id=\"cyber-forms\" class=\"widget_text panel-widget-style panel-widget-style-for-771-1-0-0\" ><div class=\"textwidget custom-html-widget\"><div role=\"form\" class=\"wpcf7\" id=\"wpcf7-f770-o1\" lang=\"pt-BR\" dir=\"ltr\">\n<div class=\"screen-reader-response\"><p role=\"status\" aria-live=\"polite\" aria-atomic=\"true\"><\/p> <ul><\/ul><\/div>\n<form action=\"\/belacruz\/wp-json\/wp\/v2\/pages\/771#wpcf7-f770-o1\" method=\"post\" class=\"wpcf7-form init\" novalidate=\"novalidate\" data-status=\"init\">\n<div style=\"display: none;\">\n<input type=\"hidden\" name=\"_wpcf7\" value=\"770\" \/>\n<input type=\"hidden\" name=\"_wpcf7_version\" value=\"5.5.3\" \/>\n<input type=\"hidden\" name=\"_wpcf7_locale\" value=\"pt_BR\" \/>\n<input type=\"hidden\" name=\"_wpcf7_unit_tag\" value=\"wpcf7-f770-o1\" \/>\n<input type=\"hidden\" name=\"_wpcf7_container_post\" value=\"0\" \/>\n<input type=\"hidden\" name=\"_wpcf7_posted_data_hash\" value=\"\" \/>\n<input type=\"hidden\" name=\"_wpcf7_recaptcha_response\" value=\"\" \/>\n<\/div>\n<p><label> Raz\u00e3o Social (*)<br \/>\n<span class=\"wpcf7-form-control-wrap client\"><input type=\"text\" name=\"client\" value=\"\" size=\"40\" class=\"wpcf7-form-control wpcf7-text wpcf7-validates-as-required text-box\" aria-required=\"true\" aria-invalid=\"false\" \/><\/span> <\/label><\/p>\n<p><label> Representante da Empresa (*)<br \/>\n<span class=\"wpcf7-form-control-wrap agent\"><input type=\"text\" name=\"agent\" value=\"\" size=\"40\" class=\"wpcf7-form-control wpcf7-text wpcf7-validates-as-required\" aria-required=\"true\" aria-invalid=\"false\" placeholder=\"Nome Completo do Representante da Empresa\" \/><\/span> <\/label><\/p>\n<p><label> CNPJ (*)<br \/>\n<span class=\"wpcf7-form-control-wrap CNPJ\"><input type=\"text\" name=\"CNPJ\" value=\"\" size=\"40\" class=\"wpcf7-form-control wpcf7-text wpcf7-validates-as-required text-box\" id=\"cnpj\" aria-required=\"true\" aria-invalid=\"false\" placeholder=\"Somente n\u00fameros\" \/><\/span> <\/label><\/p>\n<p><label> Email (*)<br \/>\n<span class=\"wpcf7-form-control-wrap email\"><input type=\"email\" name=\"email\" value=\"\" size=\"40\" class=\"wpcf7-form-control wpcf7-text wpcf7-email wpcf7-validates-as-required wpcf7-validates-as-email email-box\" aria-required=\"true\" aria-invalid=\"false\" \/><\/span> <\/label><\/p>\n<p><label> Cidade (*)<br \/>\n<span class=\"wpcf7-form-control-wrap city\"><input type=\"text\" name=\"city\" value=\"Bela Cruz\" size=\"40\" class=\"wpcf7-form-control wpcf7-text wpcf7-validates-as-required text-box\" aria-required=\"true\" aria-invalid=\"false\" \/><\/span> <\/label><\/p>\n<p><label> Estado<br \/>\n<span class=\"wpcf7-form-control-wrap state\"><input type=\"text\" name=\"state\" value=\"CE\" size=\"40\" class=\"wpcf7-form-control wpcf7-text text-box\" aria-invalid=\"false\" \/><\/span> <\/label><\/p>\n<p><label> Telefone Comercial<br \/>\n<span class=\"wpcf7-form-control-wrap phone1\"><input type=\"text\" name=\"phone1\" value=\"\" size=\"40\" class=\"wpcf7-form-control wpcf7-text text-box\" id=\"phone\" aria-invalid=\"false\" placeholder=\"Somente n\u00fameros\" \/><\/span> <\/label><\/p>\n<p><label> Telefone Celular (*)<br \/>\n<span class=\"wpcf7-form-control-wrap phone2\"><input type=\"text\" name=\"phone2\" value=\"\" size=\"40\" class=\"wpcf7-form-control wpcf7-text wpcf7-validates-as-required text-box\" id=\"cel\" aria-required=\"true\" aria-invalid=\"false\" placeholder=\"Somente n\u00fameros\" \/><\/span> <\/label><\/p>\n<p><label> Selecione sua Necessidade (*)<br \/>\n<span class=\"wpcf7-form-control-wrap plans\"><select name=\"plans\" class=\"wpcf7-form-control wpcf7-select wpcf7-validates-as-required select-box\" aria-required=\"true\" aria-invalid=\"false\"><option value=\"Link Dedicado\" selected=\"selected\">Link Dedicado<\/option><option value=\"Rede Privada Corporativa\">Rede Privada Corporativa<\/option><\/select><\/span><\/label><\/p>\n<p><label> Como deseja retorno (*)<br \/>\n<span class=\"wpcf7-form-control-wrap return\"><select name=\"return\" class=\"wpcf7-form-control wpcf7-select wpcf7-validates-as-required select-box\" aria-required=\"true\" aria-invalid=\"false\"><option value=\"Por E-mail\">Por E-mail<\/option><option value=\"Por Telefone\">Por Telefone<\/option><option value=\"Por WhatsApp\">Por WhatsApp<\/option><\/select><\/span><\/label><\/p>\n<p><label> Especifique melhor a sua Necessidade<br \/>\n<span class=\"wpcf7-form-control-wrap message\"><textarea name=\"message\" cols=\"40\" rows=\"10\" class=\"wpcf7-form-control wpcf7-textarea message-box\" aria-invalid=\"false\"><\/textarea><\/span> <\/label><\/p>\n<p><input type=\"submit\" value=\"Enviar\" class=\"wpcf7-form-control has-spinner wpcf7-submit sent-button\" \/><\/p>\n<div class=\"wpcf7-response-output\" aria-hidden=\"true\"><\/div><\/form><\/div><\/div><\/div><\/div><\/div><div id=\"pgc-771-1-1\"  class=\"panel-grid-cell\" ><div id=\"panel-771-1-1-0\" class=\"widget_text so-panel widget widget_custom_html panel-first-child\" data-index=\"2\" ><div class=\"widget_text panel-widget-style panel-widget-style-for-771-1-1-0\" ><div class=\"textwidget custom-html-widget\"><div class=\"cyber-services\">\n\t<div class=\"link-dedicado\">\n\t\t<p class=\"overline\">Link Dedicado<\/p>\n\t\t<p class=\"h3\">Internet com alto desempenho, confiabilidade e seguran\u00e7a!<\/p>\n\t<\/div>\n<\/div><\/div><\/div><\/div><div id=\"panel-771-1-1-1\" class=\"so-panel widget widget_sow-accordion panel-last-child\" data-index=\"3\" ><div id=\"cyber-faq\" class=\"panel-widget-style panel-widget-style-for-771-1-1-1\" ><div class=\"so-widget-sow-accordion so-widget-sow-accordion-default-f369c1369aed-771\"><div>\n\t<div class=\"sow-accordion\">\n\t\t\t<div class=\"sow-accordion-panel sow-accordion-panel-open\"\n\t\t\t data-anchor=\"estou-inserindo-meus-dados-esta-%c3%a9-uma-p%c3%a1gina-segura\">\n\t\t\t\t<div class=\"sow-accordion-panel-header-container\" role=\"heading\" aria-level=\"2\">\n\t\t\t\t\t<div class=\"sow-accordion-panel-header\" tabindex=\"0\" role=\"button\" id=\"accordion-label-estou-inserindo-meus-dados-esta-%c3%a9-uma-p%c3%a1gina-segura\" aria-controls=\"accordion-content-estou-inserindo-meus-dados-esta-%c3%a9-uma-p%c3%a1gina-segura\" aria-expanded=\"true\">\n\t\t\t\t\t\t<div class=\"sow-accordion-title sow-accordion-title-icon-left\">\n\t\t\t\t\t\t\t\t\t\t\t\t\t\tEstou inserindo meus dados. Esta \u00e9 uma p\u00e1gina segura?\t\t\t\t\t\t\t\t\t\t\t\t\t<\/div>\n\t\t\t\t\t\t<div class=\"sow-accordion-open-close-button\">\n\t\t\t\t\t\t\t<div class=\"sow-accordion-open-button\">\n\t\t\t\t\t\t\t\t<span class=\"sow-icon-ionicons\" data-sow-icon=\"&#xf218;\"\n\t\t ><\/span>\t\t\t\t\t\t\t<\/div>\n\t\t\t\t\t\t\t<div class=\"sow-accordion-close-button\">\n\t\t\t\t\t\t\t\t<span class=\"sow-icon-ionicons\" data-sow-icon=\"&#xf209;\"\n\t\t ><\/span>\t\t\t\t\t\t\t<\/div>\n\t\t\t\t\t\t<\/div>\n\t\t\t\t\t<\/div>\n\t\t\t\t<\/div>\n\n\t\t\t<div\n\t\t\t\tclass=\"sow-accordion-panel-content\"\n\t\t\t\trole=\"region\"\n\t\t\t\taria-labelledby=\"accordion-label-estou-inserindo-meus-dados-esta-%c3%a9-uma-p%c3%a1gina-segura\"\n\t\t\t\tid=\"accordion-content-estou-inserindo-meus-dados-esta-%c3%a9-uma-p%c3%a1gina-segura\"\n\t\t\t\t\t\t\t>\n\t\t\t\t<div class=\"sow-accordion-panel-border\" tabindex=\"0\">\n\t\t\t\t\t<p>Sim! Esta \u00e9 uma p\u00e1gina segura (HTTPS\/SSL). Todos os seus dados ser\u00e3o criptografados, sem possibilidade de que seus dados sejam copiados e\/ou distribu\u00eddos. Em caso de d\u00favidas consulte a nossa Pol\u00edtica de Privacidade ou entre em contato atrav\u00e9s de nossa Central de Atendimento ao Cliente.<\/p>\t\t\t\t<\/div>\n\t\t\t<\/div>\n\t\t<\/div>\n\t\t\t<div class=\"sow-accordion-panel\"\n\t\t\t data-anchor=\"o-que-%c3%a9-link-dedicado\">\n\t\t\t\t<div class=\"sow-accordion-panel-header-container\" role=\"heading\" aria-level=\"2\">\n\t\t\t\t\t<div class=\"sow-accordion-panel-header\" tabindex=\"0\" role=\"button\" id=\"accordion-label-o-que-%c3%a9-link-dedicado\" aria-controls=\"accordion-content-o-que-%c3%a9-link-dedicado\" aria-expanded=\"false\">\n\t\t\t\t\t\t<div class=\"sow-accordion-title sow-accordion-title-icon-left\">\n\t\t\t\t\t\t\t\t\t\t\t\t\t\tO que \u00e9 Link Dedicado?\t\t\t\t\t\t\t\t\t\t\t\t\t<\/div>\n\t\t\t\t\t\t<div class=\"sow-accordion-open-close-button\">\n\t\t\t\t\t\t\t<div class=\"sow-accordion-open-button\">\n\t\t\t\t\t\t\t\t<span class=\"sow-icon-ionicons\" data-sow-icon=\"&#xf218;\"\n\t\t ><\/span>\t\t\t\t\t\t\t<\/div>\n\t\t\t\t\t\t\t<div class=\"sow-accordion-close-button\">\n\t\t\t\t\t\t\t\t<span class=\"sow-icon-ionicons\" data-sow-icon=\"&#xf209;\"\n\t\t ><\/span>\t\t\t\t\t\t\t<\/div>\n\t\t\t\t\t\t<\/div>\n\t\t\t\t\t<\/div>\n\t\t\t\t<\/div>\n\n\t\t\t<div\n\t\t\t\tclass=\"sow-accordion-panel-content\"\n\t\t\t\trole=\"region\"\n\t\t\t\taria-labelledby=\"accordion-label-o-que-%c3%a9-link-dedicado\"\n\t\t\t\tid=\"accordion-content-o-que-%c3%a9-link-dedicado\"\n\t\t\t\tstyle=\"display: none;\"\t\t\t>\n\t\t\t\t<div class=\"sow-accordion-panel-border\" tabindex=\"0\">\n\t\t\t\t\t<p>Um Link Dedicado, tamb\u00e9m conhecido como IP dedicado, consiste numa solu\u00e7\u00e3o para corpora\u00e7\u00f5es que necessitam de total garantia de velocidade e disponibilidade de conex\u00e3o \u00e0 web. Para que ocorra uma conex\u00e3o com a web, um computador necessita trocar dados e informa\u00e7\u00f5es com o provedor, o que ocorre por meio de um caminho exclusivo no Link Dedicado<\/p>\n<p>S\u00e3o caracter\u00edsticas do Link Dedicado: Acesso mais est\u00e1vel, seguro, \u00e1gil e com escalabilidade elevada. Por meio dessa conex\u00e3o, a organiza\u00e7\u00e3o fica conectada a uma porta roteadora, eliminando o tr\u00e1fego de rede menor tempo de reparo quando ocorre alguma interrup\u00e7\u00e3o.<\/p>\n<p>A disponibilidade de uso de endere\u00e7os IPs (p\u00fablicos e fixos) que s\u00e3o alocados exclusivamente para a rede da organiza\u00e7\u00e3o, permite que servi\u00e7os de comunica\u00e7\u00e3o externa possam ser instalados e operados a partir da rede interna do cliente.<\/p>\t\t\t\t<\/div>\n\t\t\t<\/div>\n\t\t<\/div>\n\t\t<\/div>\n<\/div>\n<\/div><\/div><\/div><\/div><\/div><div id=\"pg-771-2\"  class=\"panel-grid panel-has-style\" ><div class=\"panel-row-style panel-row-style-for-771-2\" ><div id=\"pgc-771-2-0\"  class=\"panel-grid-cell\" ><div id=\"panel-771-2-0-0\" class=\"so-panel widget widget_sow-accordion panel-first-child panel-last-child\" data-index=\"4\" ><div id=\"cyber-faq\" class=\"panel-widget-style panel-widget-style-for-771-2-0-0\" ><div class=\"so-widget-sow-accordion so-widget-sow-accordion-default-f369c1369aed-771\"><div>\n\t<div class=\"sow-accordion\">\n\t\t\t<div class=\"sow-accordion-panel sow-accordion-panel-open\"\n\t\t\t data-anchor=\"estou-inserindo-meus-dados-esta-%c3%a9-uma-p%c3%a1gina-segura\">\n\t\t\t\t<div class=\"sow-accordion-panel-header-container\" role=\"heading\" aria-level=\"2\">\n\t\t\t\t\t<div class=\"sow-accordion-panel-header\" tabindex=\"0\" role=\"button\" id=\"accordion-label-estou-inserindo-meus-dados-esta-%c3%a9-uma-p%c3%a1gina-segura\" aria-controls=\"accordion-content-estou-inserindo-meus-dados-esta-%c3%a9-uma-p%c3%a1gina-segura\" aria-expanded=\"true\">\n\t\t\t\t\t\t<div class=\"sow-accordion-title sow-accordion-title-icon-left\">\n\t\t\t\t\t\t\t\t\t\t\t\t\t\tEstou inserindo meus dados. Esta \u00e9 uma p\u00e1gina segura?\t\t\t\t\t\t\t\t\t\t\t\t\t<\/div>\n\t\t\t\t\t\t<div class=\"sow-accordion-open-close-button\">\n\t\t\t\t\t\t\t<div class=\"sow-accordion-open-button\">\n\t\t\t\t\t\t\t\t<span class=\"sow-icon-ionicons\" data-sow-icon=\"&#xf218;\"\n\t\t ><\/span>\t\t\t\t\t\t\t<\/div>\n\t\t\t\t\t\t\t<div class=\"sow-accordion-close-button\">\n\t\t\t\t\t\t\t\t<span class=\"sow-icon-ionicons\" data-sow-icon=\"&#xf209;\"\n\t\t ><\/span>\t\t\t\t\t\t\t<\/div>\n\t\t\t\t\t\t<\/div>\n\t\t\t\t\t<\/div>\n\t\t\t\t<\/div>\n\n\t\t\t<div\n\t\t\t\tclass=\"sow-accordion-panel-content\"\n\t\t\t\trole=\"region\"\n\t\t\t\taria-labelledby=\"accordion-label-estou-inserindo-meus-dados-esta-%c3%a9-uma-p%c3%a1gina-segura\"\n\t\t\t\tid=\"accordion-content-estou-inserindo-meus-dados-esta-%c3%a9-uma-p%c3%a1gina-segura\"\n\t\t\t\t\t\t\t>\n\t\t\t\t<div class=\"sow-accordion-panel-border\" tabindex=\"0\">\n\t\t\t\t\t<p>Sim! Esta \u00e9 uma p\u00e1gina segura (HTTPS\/SSL). Todos os seus dados ser\u00e3o criptografados, sem possibilidade de que seus dados sejam copiados e\/ou distribu\u00eddos. Em caso de d\u00favidas consulte a nossa Pol\u00edtica de Privacidade ou entre em contato atrav\u00e9s de nossa Central de Atendimento ao Cliente.<\/p>\t\t\t\t<\/div>\n\t\t\t<\/div>\n\t\t<\/div>\n\t\t\t<div class=\"sow-accordion-panel\"\n\t\t\t data-anchor=\"o-que-%c3%a9-link-dedicado\">\n\t\t\t\t<div class=\"sow-accordion-panel-header-container\" role=\"heading\" aria-level=\"2\">\n\t\t\t\t\t<div class=\"sow-accordion-panel-header\" tabindex=\"0\" role=\"button\" id=\"accordion-label-o-que-%c3%a9-link-dedicado\" aria-controls=\"accordion-content-o-que-%c3%a9-link-dedicado\" aria-expanded=\"false\">\n\t\t\t\t\t\t<div class=\"sow-accordion-title sow-accordion-title-icon-left\">\n\t\t\t\t\t\t\t\t\t\t\t\t\t\tO que \u00e9 Link Dedicado?\t\t\t\t\t\t\t\t\t\t\t\t\t<\/div>\n\t\t\t\t\t\t<div class=\"sow-accordion-open-close-button\">\n\t\t\t\t\t\t\t<div class=\"sow-accordion-open-button\">\n\t\t\t\t\t\t\t\t<span class=\"sow-icon-ionicons\" data-sow-icon=\"&#xf218;\"\n\t\t ><\/span>\t\t\t\t\t\t\t<\/div>\n\t\t\t\t\t\t\t<div class=\"sow-accordion-close-button\">\n\t\t\t\t\t\t\t\t<span class=\"sow-icon-ionicons\" data-sow-icon=\"&#xf209;\"\n\t\t ><\/span>\t\t\t\t\t\t\t<\/div>\n\t\t\t\t\t\t<\/div>\n\t\t\t\t\t<\/div>\n\t\t\t\t<\/div>\n\n\t\t\t<div\n\t\t\t\tclass=\"sow-accordion-panel-content\"\n\t\t\t\trole=\"region\"\n\t\t\t\taria-labelledby=\"accordion-label-o-que-%c3%a9-link-dedicado\"\n\t\t\t\tid=\"accordion-content-o-que-%c3%a9-link-dedicado\"\n\t\t\t\tstyle=\"display: none;\"\t\t\t>\n\t\t\t\t<div class=\"sow-accordion-panel-border\" tabindex=\"0\">\n\t\t\t\t\t<p>Um Link Dedicado, tamb\u00e9m conhecido como IP dedicado, consiste numa solu\u00e7\u00e3o para corpora\u00e7\u00f5es que necessitam de total garantia de velocidade e disponibilidade de conex\u00e3o \u00e0 web. Para que ocorra uma conex\u00e3o com a web, um computador necessita trocar dados e informa\u00e7\u00f5es com o provedor, o que ocorre por meio de um caminho exclusivo no Link Dedicado<\/p>\n<p>S\u00e3o caracter\u00edsticas do Link Dedicado: Acesso mais est\u00e1vel, seguro, \u00e1gil e com escalabilidade elevada. Por meio dessa conex\u00e3o, a organiza\u00e7\u00e3o fica conectada a uma porta roteadora, eliminando o tr\u00e1fego de rede menor tempo de reparo quando ocorre alguma interrup\u00e7\u00e3o.<\/p>\n<p>A disponibilidade de uso de endere\u00e7os IPs (p\u00fablicos e fixos) que s\u00e3o alocados exclusivamente para a rede da organiza\u00e7\u00e3o, permite que servi\u00e7os de comunica\u00e7\u00e3o externa possam ser instalados e operados a partir da rede interna do cliente.<\/p>\t\t\t\t<\/div>\n\t\t\t<\/div>\n\t\t<\/div>\n\t\t<\/div>\n<\/div>\n<\/div><\/div><\/div><\/div><\/div><\/div><\/div>","protected":false},"excerpt":{"rendered":"<p>O QUE A SUA EMPRESA PRECISA PRA HOJE? Preencha os dados abaixo, retornaremos em breve com a melhor solu\u00e7\u00e3o para o seu neg\u00f3cio! Raz\u00e3o Social (*) Representante da Empresa (*) CNPJ (*) Email (*) Cidade (*) Estado Telefone Comercial Telefone Celular (*) Selecione sua Necessidade (*) Link DedicadoRede Privada Corporativa Como deseja retorno (*) Por [&hellip;]<\/p>\n","protected":false},"author":1,"featured_media":0,"parent":0,"menu_order":0,"comment_status":"closed","ping_status":"closed","template":"templates\/template-full-notitle.php","meta":[],"_links":{"self":[{"href":"https:\/\/www.cyberinfo.net.br\/belacruz\/wp-json\/wp\/v2\/pages\/771"}],"collection":[{"href":"https:\/\/www.cyberinfo.net.br\/belacruz\/wp-json\/wp\/v2\/pages"}],"about":[{"href":"https:\/\/www.cyberinfo.net.br\/belacruz\/wp-json\/wp\/v2\/types\/page"}],"author":[{"embeddable":true,"href":"https:\/\/www.cyberinfo.net.br\/belacruz\/wp-json\/wp\/v2\/users\/1"}],"replies":[{"embeddable":true,"href":"https:\/\/www.cyberinfo.net.br\/belacruz\/wp-json\/wp\/v2\/comments?post=771"}],"version-history":[{"count":55,"href":"https:\/\/www.cyberinfo.net.br\/belacruz\/wp-json\/wp\/v2\/pages\/771\/revisions"}],"predecessor-version":[{"id":1848,"href":"https:\/\/www.cyberinfo.net.br\/belacruz\/wp-json\/wp\/v2\/pages\/771\/revisions\/1848"}],"wp:attachment":[{"href":"https:\/\/www.cyberinfo.net.br\/belacruz\/wp-json\/wp\/v2\/media?parent=771"}],"curies":[{"name":"wp","href":"https:\/\/api.w.org\/{rel}","templated":true}]}}