{"id":811,"date":"2019-11-19T11:57:02","date_gmt":"2019-11-19T14:57:02","guid":{"rendered":"http:\/\/cyberinfo.net.br\/new\/?page_id=811"},"modified":"2019-12-03T23:44:14","modified_gmt":"2019-12-04T02:44:14","slug":"atendimento","status":"publish","type":"page","link":"https:\/\/www.cyberinfo.net.br\/belacruz\/atendimento\/","title":{"rendered":"Atendimento"},"content":{"rendered":"<div id=\"pl-811\"  class=\"panel-layout\" ><div id=\"pg-811-0\"  class=\"panel-grid panel-has-style\" ><div class=\"siteorigin-panels-stretch panel-row-style-full-width panel-row-style panel-row-style-for-811-0\" style=\"background-color: #e4ebf1; \" data-stretch-type=\"full\" ><div id=\"pgc-811-0-0\"  class=\"panel-grid-cell\" ><div id=\"panel-811-0-0-0\" class=\"widget_text so-panel widget widget_custom_html panel-first-child panel-last-child\" data-index=\"0\" ><div class=\"textwidget custom-html-widget\"><div id=\"cyber-all-header\">\n\t<div class=\"assine-ja\">\n\t\t<p class=\"title\">FALE COM A CYBERINFO!<\/p>\n\t\t<figure>\n\t\t\t<img src=\"\/new\/extras\/images\/color_line.svg\" alt=\"\" width=\"166px\">\t\n\t\t<\/figure>\n\t\t<p class=\"h3\">D\u00favidas, Reclama\u00e7\u00f5es e Sugest\u00f5es. Sinta-se a vontade!<\/p>\n\t<\/div>\n<\/div><\/div><\/div><\/div><\/div><\/div><div id=\"pg-811-1\"  class=\"panel-grid panel-no-style\" ><div id=\"pgc-811-1-0\"  class=\"panel-grid-cell\" ><div id=\"panel-811-1-0-0\" class=\"widget_text so-panel widget widget_custom_html panel-first-child panel-last-child\" data-index=\"1\" ><div id=\"cyber-forms\" class=\"widget_text panel-widget-style panel-widget-style-for-811-1-0-0\" ><div class=\"textwidget custom-html-widget\"><div role=\"form\" class=\"wpcf7\" id=\"wpcf7-f810-o1\" lang=\"pt-BR\" dir=\"ltr\">\n<div class=\"screen-reader-response\"><p role=\"status\" aria-live=\"polite\" aria-atomic=\"true\"><\/p> <ul><\/ul><\/div>\n<form action=\"\/belacruz\/wp-json\/wp\/v2\/pages\/811#wpcf7-f810-o1\" method=\"post\" class=\"wpcf7-form init\" novalidate=\"novalidate\" data-status=\"init\">\n<div style=\"display: none;\">\n<input type=\"hidden\" name=\"_wpcf7\" value=\"810\" \/>\n<input type=\"hidden\" name=\"_wpcf7_version\" value=\"5.5.3\" \/>\n<input type=\"hidden\" name=\"_wpcf7_locale\" value=\"pt_BR\" \/>\n<input type=\"hidden\" name=\"_wpcf7_unit_tag\" value=\"wpcf7-f810-o1\" \/>\n<input type=\"hidden\" name=\"_wpcf7_container_post\" value=\"0\" \/>\n<input type=\"hidden\" name=\"_wpcf7_posted_data_hash\" value=\"\" \/>\n<input type=\"hidden\" name=\"_wpcf7_recaptcha_response\" value=\"\" \/>\n<\/div>\n<p><label> Nome (*)<br \/>\n<span class=\"wpcf7-form-control-wrap client\"><input type=\"text\" name=\"client\" value=\"\" size=\"40\" class=\"wpcf7-form-control wpcf7-text wpcf7-validates-as-required text-box\" aria-required=\"true\" aria-invalid=\"false\" \/><\/span> <\/label><\/p>\n<p><label> Email (*)<br \/>\n<span class=\"wpcf7-form-control-wrap email\"><input type=\"email\" name=\"email\" value=\"\" size=\"40\" class=\"wpcf7-form-control wpcf7-text wpcf7-email wpcf7-validates-as-required wpcf7-validates-as-email email-box\" aria-required=\"true\" aria-invalid=\"false\" \/><\/span> <\/label><\/p>\n<p><label> Assunto (*)<br \/>\n<span class=\"wpcf7-form-control-wrap subject\"><select name=\"subject\" class=\"wpcf7-form-control wpcf7-select wpcf7-validates-as-required select-box\" aria-required=\"true\" aria-invalid=\"false\"><option value=\"D\u00favidas\">D\u00favidas<\/option><option value=\"Reclama\u00e7\u00f5es\">Reclama\u00e7\u00f5es<\/option><option value=\"Sugest\u00f5es\">Sugest\u00f5es<\/option><\/select><\/span><\/label><\/p>\n<p><label> O que voc\u00ea quer nos dizer?<br \/>\n<span class=\"wpcf7-form-control-wrap message\"><textarea name=\"message\" cols=\"40\" rows=\"10\" class=\"wpcf7-form-control wpcf7-textarea message-box\" aria-invalid=\"false\"><\/textarea><\/span> <\/label><\/p>\n<p><input type=\"submit\" value=\"Enviar\" class=\"wpcf7-form-control has-spinner wpcf7-submit sent-button\" \/><\/p>\n<div class=\"wpcf7-response-output\" aria-hidden=\"true\"><\/div><\/form><\/div><\/div><\/div><\/div><\/div><div id=\"pgc-811-1-1\"  class=\"panel-grid-cell\" ><div id=\"panel-811-1-1-0\" class=\"so-panel widget widget_sow-accordion panel-first-child panel-last-child\" data-index=\"2\" ><div id=\"cyber-faq\" class=\"panel-widget-style panel-widget-style-for-811-1-1-0\" ><div class=\"so-widget-sow-accordion so-widget-sow-accordion-default-f369c1369aed-811\"><div>\n\t<div class=\"sow-accordion\">\n\t\t\t<div class=\"sow-accordion-panel sow-accordion-panel-open\"\n\t\t\t data-anchor=\"existem-outras-formas-de-atendimento-ao-cliente\">\n\t\t\t\t<div class=\"sow-accordion-panel-header-container\" role=\"heading\" aria-level=\"2\">\n\t\t\t\t\t<div class=\"sow-accordion-panel-header\" tabindex=\"0\" role=\"button\" id=\"accordion-label-existem-outras-formas-de-atendimento-ao-cliente\" aria-controls=\"accordion-content-existem-outras-formas-de-atendimento-ao-cliente\" aria-expanded=\"true\">\n\t\t\t\t\t\t<div class=\"sow-accordion-title sow-accordion-title-icon-left\">\n\t\t\t\t\t\t\t\t\t\t\t\t\t\tExistem outras formas de Atendimento ao Cliente?\t\t\t\t\t\t\t\t\t\t\t\t\t<\/div>\n\t\t\t\t\t\t<div class=\"sow-accordion-open-close-button\">\n\t\t\t\t\t\t\t<div class=\"sow-accordion-open-button\">\n\t\t\t\t\t\t\t\t<span class=\"sow-icon-ionicons\" data-sow-icon=\"&#xf218;\"\n\t\t ><\/span>\t\t\t\t\t\t\t<\/div>\n\t\t\t\t\t\t\t<div class=\"sow-accordion-close-button\">\n\t\t\t\t\t\t\t\t<span class=\"sow-icon-ionicons\" data-sow-icon=\"&#xf209;\"\n\t\t ><\/span>\t\t\t\t\t\t\t<\/div>\n\t\t\t\t\t\t<\/div>\n\t\t\t\t\t<\/div>\n\t\t\t\t<\/div>\n\n\t\t\t<div\n\t\t\t\tclass=\"sow-accordion-panel-content\"\n\t\t\t\trole=\"region\"\n\t\t\t\taria-labelledby=\"accordion-label-existem-outras-formas-de-atendimento-ao-cliente\"\n\t\t\t\tid=\"accordion-content-existem-outras-formas-de-atendimento-ao-cliente\"\n\t\t\t\t\t\t\t>\n\t\t\t\t<div class=\"sow-accordion-panel-border\" tabindex=\"0\">\n\t\t\t\t\t<p>Sim! Nossa Central de Atendimento ao Cliente atende no 88 9 9968.7799 (Telefone ou WhatsApp).<\/p>\n<p><strong>Nosso Hor\u00e1rio de Atendimento: <\/strong><br \/>De Segunda a Sexta das 08 \u00e0s 22h;<br \/>S\u00e1bados, Domingos e Feriados das 08 \u00e0s 20h.<\/p>\t\t\t\t<\/div>\n\t\t\t<\/div>\n\t\t<\/div>\n\t\t\t<div class=\"sow-accordion-panel\"\n\t\t\t data-anchor=\"estou-inserindo-meus-dados-esta-%c3%a9-uma-p%c3%a1gina-segura\">\n\t\t\t\t<div class=\"sow-accordion-panel-header-container\" role=\"heading\" aria-level=\"2\">\n\t\t\t\t\t<div class=\"sow-accordion-panel-header\" tabindex=\"0\" role=\"button\" id=\"accordion-label-estou-inserindo-meus-dados-esta-%c3%a9-uma-p%c3%a1gina-segura\" aria-controls=\"accordion-content-estou-inserindo-meus-dados-esta-%c3%a9-uma-p%c3%a1gina-segura\" aria-expanded=\"false\">\n\t\t\t\t\t\t<div class=\"sow-accordion-title sow-accordion-title-icon-left\">\n\t\t\t\t\t\t\t\t\t\t\t\t\t\tEstou inserindo meus dados. Esta \u00e9 uma p\u00e1gina segura?\t\t\t\t\t\t\t\t\t\t\t\t\t<\/div>\n\t\t\t\t\t\t<div class=\"sow-accordion-open-close-button\">\n\t\t\t\t\t\t\t<div class=\"sow-accordion-open-button\">\n\t\t\t\t\t\t\t\t<span class=\"sow-icon-ionicons\" data-sow-icon=\"&#xf218;\"\n\t\t ><\/span>\t\t\t\t\t\t\t<\/div>\n\t\t\t\t\t\t\t<div class=\"sow-accordion-close-button\">\n\t\t\t\t\t\t\t\t<span class=\"sow-icon-ionicons\" data-sow-icon=\"&#xf209;\"\n\t\t ><\/span>\t\t\t\t\t\t\t<\/div>\n\t\t\t\t\t\t<\/div>\n\t\t\t\t\t<\/div>\n\t\t\t\t<\/div>\n\n\t\t\t<div\n\t\t\t\tclass=\"sow-accordion-panel-content\"\n\t\t\t\trole=\"region\"\n\t\t\t\taria-labelledby=\"accordion-label-estou-inserindo-meus-dados-esta-%c3%a9-uma-p%c3%a1gina-segura\"\n\t\t\t\tid=\"accordion-content-estou-inserindo-meus-dados-esta-%c3%a9-uma-p%c3%a1gina-segura\"\n\t\t\t\tstyle=\"display: none;\"\t\t\t>\n\t\t\t\t<div class=\"sow-accordion-panel-border\" tabindex=\"0\">\n\t\t\t\t\t<p>Sim! Esta \u00e9 uma p\u00e1gina segura (HTTPS\/SSL). Todos os seus dados ser\u00e3o criptografados, sem possibilidade de que seus dados sejam copiados e\/ou distribu\u00eddos. Em caso de d\u00favidas consulte a nossa Pol\u00edtica de Privacidade ou entre em contato atrav\u00e9s de nossa Central de Atendimento ao Cliente.<\/p>\t\t\t\t<\/div>\n\t\t\t<\/div>\n\t\t<\/div>\n\t\t<\/div>\n<\/div>\n<\/div><\/div><\/div><\/div><\/div><div id=\"pg-811-2\"  class=\"panel-grid panel-has-style\" ><div class=\"panel-row-style panel-row-style-for-811-2\" ><div id=\"pgc-811-2-0\"  class=\"panel-grid-cell\" ><div id=\"panel-811-2-0-0\" class=\"so-panel widget widget_sow-accordion panel-first-child panel-last-child\" data-index=\"3\" ><div id=\"cyber-faq\" class=\"panel-widget-style panel-widget-style-for-811-2-0-0\" ><div class=\"so-widget-sow-accordion so-widget-sow-accordion-default-f369c1369aed-811\"><div>\n\t<div class=\"sow-accordion\">\n\t\t\t<div class=\"sow-accordion-panel sow-accordion-panel-open\"\n\t\t\t data-anchor=\"existem-outras-formas-de-atendimento-ao-cliente\">\n\t\t\t\t<div class=\"sow-accordion-panel-header-container\" role=\"heading\" aria-level=\"2\">\n\t\t\t\t\t<div class=\"sow-accordion-panel-header\" tabindex=\"0\" role=\"button\" id=\"accordion-label-existem-outras-formas-de-atendimento-ao-cliente\" aria-controls=\"accordion-content-existem-outras-formas-de-atendimento-ao-cliente\" aria-expanded=\"true\">\n\t\t\t\t\t\t<div class=\"sow-accordion-title sow-accordion-title-icon-left\">\n\t\t\t\t\t\t\t\t\t\t\t\t\t\tExistem outras formas de Atendimento ao Cliente?\t\t\t\t\t\t\t\t\t\t\t\t\t<\/div>\n\t\t\t\t\t\t<div class=\"sow-accordion-open-close-button\">\n\t\t\t\t\t\t\t<div class=\"sow-accordion-open-button\">\n\t\t\t\t\t\t\t\t<span class=\"sow-icon-ionicons\" data-sow-icon=\"&#xf218;\"\n\t\t ><\/span>\t\t\t\t\t\t\t<\/div>\n\t\t\t\t\t\t\t<div class=\"sow-accordion-close-button\">\n\t\t\t\t\t\t\t\t<span class=\"sow-icon-ionicons\" data-sow-icon=\"&#xf209;\"\n\t\t ><\/span>\t\t\t\t\t\t\t<\/div>\n\t\t\t\t\t\t<\/div>\n\t\t\t\t\t<\/div>\n\t\t\t\t<\/div>\n\n\t\t\t<div\n\t\t\t\tclass=\"sow-accordion-panel-content\"\n\t\t\t\trole=\"region\"\n\t\t\t\taria-labelledby=\"accordion-label-existem-outras-formas-de-atendimento-ao-cliente\"\n\t\t\t\tid=\"accordion-content-existem-outras-formas-de-atendimento-ao-cliente\"\n\t\t\t\t\t\t\t>\n\t\t\t\t<div class=\"sow-accordion-panel-border\" tabindex=\"0\">\n\t\t\t\t\t<p>Sim! Nossa Central de Atendimento ao Cliente atende no 88 9 9968.7799 (Telefone ou WhatsApp).<\/p>\n<p><strong>Nosso Hor\u00e1rio de Atendimento: <\/strong><br \/>De Segunda a Sexta das 08 \u00e0s 22h;<br \/>S\u00e1bados, Domingos e Feriados das 08 \u00e0s 20h.<\/p>\t\t\t\t<\/div>\n\t\t\t<\/div>\n\t\t<\/div>\n\t\t\t<div class=\"sow-accordion-panel\"\n\t\t\t data-anchor=\"estou-inserindo-meus-dados-esta-%c3%a9-uma-p%c3%a1gina-segura\">\n\t\t\t\t<div class=\"sow-accordion-panel-header-container\" role=\"heading\" aria-level=\"2\">\n\t\t\t\t\t<div class=\"sow-accordion-panel-header\" tabindex=\"0\" role=\"button\" id=\"accordion-label-estou-inserindo-meus-dados-esta-%c3%a9-uma-p%c3%a1gina-segura\" aria-controls=\"accordion-content-estou-inserindo-meus-dados-esta-%c3%a9-uma-p%c3%a1gina-segura\" aria-expanded=\"false\">\n\t\t\t\t\t\t<div class=\"sow-accordion-title sow-accordion-title-icon-left\">\n\t\t\t\t\t\t\t\t\t\t\t\t\t\tEstou inserindo meus dados. Esta \u00e9 uma p\u00e1gina segura?\t\t\t\t\t\t\t\t\t\t\t\t\t<\/div>\n\t\t\t\t\t\t<div class=\"sow-accordion-open-close-button\">\n\t\t\t\t\t\t\t<div class=\"sow-accordion-open-button\">\n\t\t\t\t\t\t\t\t<span class=\"sow-icon-ionicons\" data-sow-icon=\"&#xf218;\"\n\t\t ><\/span>\t\t\t\t\t\t\t<\/div>\n\t\t\t\t\t\t\t<div class=\"sow-accordion-close-button\">\n\t\t\t\t\t\t\t\t<span class=\"sow-icon-ionicons\" data-sow-icon=\"&#xf209;\"\n\t\t ><\/span>\t\t\t\t\t\t\t<\/div>\n\t\t\t\t\t\t<\/div>\n\t\t\t\t\t<\/div>\n\t\t\t\t<\/div>\n\n\t\t\t<div\n\t\t\t\tclass=\"sow-accordion-panel-content\"\n\t\t\t\trole=\"region\"\n\t\t\t\taria-labelledby=\"accordion-label-estou-inserindo-meus-dados-esta-%c3%a9-uma-p%c3%a1gina-segura\"\n\t\t\t\tid=\"accordion-content-estou-inserindo-meus-dados-esta-%c3%a9-uma-p%c3%a1gina-segura\"\n\t\t\t\tstyle=\"display: none;\"\t\t\t>\n\t\t\t\t<div class=\"sow-accordion-panel-border\" tabindex=\"0\">\n\t\t\t\t\t<p>Sim! Esta \u00e9 uma p\u00e1gina segura (HTTPS\/SSL). Todos os seus dados ser\u00e3o criptografados, sem possibilidade de que seus dados sejam copiados e\/ou distribu\u00eddos. Em caso de d\u00favidas consulte a nossa Pol\u00edtica de Privacidade ou entre em contato atrav\u00e9s de nossa Central de Atendimento ao Cliente.<\/p>\t\t\t\t<\/div>\n\t\t\t<\/div>\n\t\t<\/div>\n\t\t<\/div>\n<\/div>\n<\/div><\/div><\/div><\/div><\/div><\/div><\/div>","protected":false},"excerpt":{"rendered":"<p>FALE COM A CYBERINFO! D\u00favidas, Reclama\u00e7\u00f5es e Sugest\u00f5es. Sinta-se a vontade! Nome (*) Email (*) Assunto (*) D\u00favidasReclama\u00e7\u00f5esSugest\u00f5es O que voc\u00ea quer nos dizer? Existem outras formas de Atendimento ao Cliente? Sim! Nossa Central de Atendimento ao Cliente atende no 88 9 9968.7799 (Telefone ou WhatsApp). Nosso Hor\u00e1rio de Atendimento: De Segunda a Sexta das [&hellip;]<\/p>\n","protected":false},"author":1,"featured_media":0,"parent":0,"menu_order":0,"comment_status":"closed","ping_status":"closed","template":"templates\/template-full-notitle.php","meta":[],"_links":{"self":[{"href":"https:\/\/www.cyberinfo.net.br\/belacruz\/wp-json\/wp\/v2\/pages\/811"}],"collection":[{"href":"https:\/\/www.cyberinfo.net.br\/belacruz\/wp-json\/wp\/v2\/pages"}],"about":[{"href":"https:\/\/www.cyberinfo.net.br\/belacruz\/wp-json\/wp\/v2\/types\/page"}],"author":[{"embeddable":true,"href":"https:\/\/www.cyberinfo.net.br\/belacruz\/wp-json\/wp\/v2\/users\/1"}],"replies":[{"embeddable":true,"href":"https:\/\/www.cyberinfo.net.br\/belacruz\/wp-json\/wp\/v2\/comments?post=811"}],"version-history":[{"count":55,"href":"https:\/\/www.cyberinfo.net.br\/belacruz\/wp-json\/wp\/v2\/pages\/811\/revisions"}],"predecessor-version":[{"id":1850,"href":"https:\/\/www.cyberinfo.net.br\/belacruz\/wp-json\/wp\/v2\/pages\/811\/revisions\/1850"}],"wp:attachment":[{"href":"https:\/\/www.cyberinfo.net.br\/belacruz\/wp-json\/wp\/v2\/media?parent=811"}],"curies":[{"name":"wp","href":"https:\/\/api.w.org\/{rel}","templated":true}]}}