{"id":910,"date":"2019-11-22T17:17:09","date_gmt":"2019-11-22T20:17:09","guid":{"rendered":"http:\/\/cyberinfo.net.br\/new\/?page_id=910"},"modified":"2021-04-22T15:58:33","modified_gmt":"2021-04-22T18:58:33","slug":"assine-ja-150-megas","status":"publish","type":"page","link":"https:\/\/www.cyberinfo.net.br\/belacruz\/assine-ja-150-megas\/","title":{"rendered":"Assine j\u00e1!"},"content":{"rendered":"<div id=\"pl-910\"  class=\"panel-layout\" ><div id=\"pg-910-0\"  class=\"panel-grid panel-has-style\" ><div class=\"siteorigin-panels-stretch panel-row-style-full-width panel-row-style panel-row-style-for-910-0\" style=\"background-color: #e4ebf1; \" data-stretch-type=\"full\" ><div id=\"pgc-910-0-0\"  class=\"panel-grid-cell\" ><div id=\"panel-910-0-0-0\" class=\"widget_text so-panel widget widget_custom_html panel-first-child panel-last-child\" data-index=\"0\" ><div class=\"textwidget custom-html-widget\"><div id=\"cyber-all-header\">\n\t<div class=\"assine-ja\">\n\t\t<p class=\"title\">ASSINE J\u00c1!<\/p>\n\t\t<figure>\n\t\t\t<img src=\"\/new\/extras\/images\/color_line.svg\" alt=\"\" width=\"166px\">\t\n\t\t<\/figure>\n\t\t<p class=\"h3\">Para come\u00e7armos, por favor, preencha os dados abaixo:<\/p>\n\t<\/div>\n<\/div><\/div><\/div><\/div><\/div><\/div><div id=\"pg-910-1\"  class=\"panel-grid panel-no-style\" ><div id=\"pgc-910-1-0\"  class=\"panel-grid-cell\" ><div id=\"panel-910-1-0-0\" class=\"widget_text so-panel widget widget_custom_html panel-first-child panel-last-child\" data-index=\"1\" ><div id=\"cyber-forms\" class=\"widget_text panel-widget-style panel-widget-style-for-910-1-0-0\" ><div class=\"textwidget custom-html-widget\"><div role=\"form\" class=\"wpcf7\" id=\"wpcf7-f908-o1\" lang=\"pt-BR\" dir=\"ltr\">\n<div class=\"screen-reader-response\"><p role=\"status\" aria-live=\"polite\" aria-atomic=\"true\"><\/p> <ul><\/ul><\/div>\n<form action=\"\/belacruz\/wp-json\/wp\/v2\/pages\/910#wpcf7-f908-o1\" method=\"post\" class=\"wpcf7-form init\" enctype=\"multipart\/form-data\" novalidate=\"novalidate\" data-status=\"init\">\n<div style=\"display: none;\">\n<input type=\"hidden\" name=\"_wpcf7\" value=\"908\" \/>\n<input type=\"hidden\" name=\"_wpcf7_version\" value=\"5.5.3\" \/>\n<input type=\"hidden\" name=\"_wpcf7_locale\" value=\"pt_BR\" \/>\n<input type=\"hidden\" name=\"_wpcf7_unit_tag\" value=\"wpcf7-f908-o1\" \/>\n<input type=\"hidden\" name=\"_wpcf7_container_post\" value=\"0\" \/>\n<input type=\"hidden\" name=\"_wpcf7_posted_data_hash\" value=\"\" \/>\n<input type=\"hidden\" name=\"_wpcf7_recaptcha_response\" value=\"\" \/>\n<\/div>\n<p><label> Nome (*)<br \/>\n<span class=\"wpcf7-form-control-wrap client\"><input type=\"text\" name=\"client\" value=\"\" size=\"40\" class=\"wpcf7-form-control wpcf7-text wpcf7-validates-as-required text-box\" aria-required=\"true\" aria-invalid=\"false\" \/><\/span> <\/label><\/p>\n<p><label> CPF(*)<br \/>\n<span class=\"wpcf7-form-control-wrap CPF\"><input type=\"text\" name=\"CPF\" value=\"\" size=\"40\" class=\"wpcf7-form-control wpcf7-text wpcf7-validates-as-required text-box\" id=\"cpf\" aria-required=\"true\" aria-invalid=\"false\" placeholder=\"Somente n\u00fameros\" \/><\/span> <\/label><\/p>\n<p><label> RG (*)<br \/>\n<span class=\"wpcf7-form-control-wrap rg\"><input type=\"text\" name=\"rg\" value=\"\" size=\"40\" class=\"wpcf7-form-control wpcf7-text wpcf7-validates-as-required text-box\" aria-required=\"true\" aria-invalid=\"false\" placeholder=\"Somente n\u00fameros\" \/><\/span><\/label><\/p>\n<p><label> Email (*)<br \/>\n<span class=\"wpcf7-form-control-wrap email\"><input type=\"email\" name=\"email\" value=\"\" size=\"40\" class=\"wpcf7-form-control wpcf7-text wpcf7-email wpcf7-validates-as-required wpcf7-validates-as-email email-box\" aria-required=\"true\" aria-invalid=\"false\" \/><\/span> <\/label><\/p>\n<p><label> Logradouro (*)<br \/>\n<span class=\"wpcf7-form-control-wrap address\"><input type=\"text\" name=\"address\" value=\"\" size=\"40\" class=\"wpcf7-form-control wpcf7-text wpcf7-validates-as-required text-box\" aria-required=\"true\" aria-invalid=\"false\" \/><\/span> <\/label><\/p>\n<p><label> N\u00famero (*)<br \/>\n<span class=\"wpcf7-form-control-wrap number\"><input type=\"text\" name=\"number\" value=\"\" size=\"40\" class=\"wpcf7-form-control wpcf7-text wpcf7-validates-as-required text-box\" aria-required=\"true\" aria-invalid=\"false\" \/><\/span> <\/label><\/p>\n<p><label> Complemento<br \/>\n<span class=\"wpcf7-form-control-wrap complement\"><input type=\"text\" name=\"complement\" value=\"\" size=\"40\" class=\"wpcf7-form-control wpcf7-text text-box\" aria-invalid=\"false\" placeholder=\"Casa, APTO...\" \/><\/span> <\/label><\/p>\n<p><label> Bairro (*)<br \/>\n<span class=\"wpcf7-form-control-wrap district\"><input type=\"text\" name=\"district\" value=\"\" size=\"40\" class=\"wpcf7-form-control wpcf7-text wpcf7-validates-as-required text-box\" aria-required=\"true\" aria-invalid=\"false\" \/><\/span> <\/label><\/p>\n<p><label> Cidade (*)<br \/>\n<span class=\"wpcf7-form-control-wrap city\"><input type=\"text\" name=\"city\" value=\"Bela Cruz\" size=\"40\" class=\"wpcf7-form-control wpcf7-text wpcf7-validates-as-required text-box\" aria-required=\"true\" aria-invalid=\"false\" \/><\/span> <\/label><\/p>\n<p><label> Estado<br \/>\n<span class=\"wpcf7-form-control-wrap state\"><input type=\"text\" name=\"state\" value=\"CE\" size=\"40\" class=\"wpcf7-form-control wpcf7-text text-box\" aria-invalid=\"false\" \/><\/span> <\/label><\/p>\n<p><label> CEP (*)<br \/>\n<span class=\"wpcf7-form-control-wrap cep\"><input type=\"text\" name=\"cep\" value=\"\" size=\"40\" class=\"wpcf7-form-control wpcf7-text wpcf7-validates-as-required text-box\" id=\"cep\" aria-required=\"true\" aria-invalid=\"false\" placeholder=\"Somente n\u00fameros\" \/><\/span> <\/label><\/p>\n<p><label> Telefone Residencial<br \/>\n<span class=\"wpcf7-form-control-wrap phone1\"><input type=\"text\" name=\"phone1\" value=\"\" size=\"40\" class=\"wpcf7-form-control wpcf7-text text-box\" id=\"phone\" aria-invalid=\"false\" placeholder=\"Somente n\u00fameros\" \/><\/span> <\/label><\/p>\n<p><label> Telefone Celular (*)<br \/>\n<span class=\"wpcf7-form-control-wrap phone2\"><input type=\"text\" name=\"phone2\" value=\"\" size=\"40\" class=\"wpcf7-form-control wpcf7-text wpcf7-validates-as-required text-box\" id=\"cel\" aria-required=\"true\" aria-invalid=\"false\" placeholder=\"Somente n\u00fameros\" \/><\/span> <\/label><\/p>\n<p><label> RG Frente (*)<br \/>\n<span class=\"wpcf7-form-control-wrap RGf\"><input type=\"file\" name=\"RGf\" size=\"40\" class=\"wpcf7-form-control wpcf7-file wpcf7-validates-as-required upload-box\" accept=\".gif,.png,.jpg,.jpeg\" aria-required=\"true\" aria-invalid=\"false\" \/><\/span> <\/label><\/p>\n<p><label> RG Verso (*)<br \/>\n<span class=\"wpcf7-form-control-wrap RGv\"><input type=\"file\" name=\"RGv\" size=\"40\" class=\"wpcf7-form-control wpcf7-file wpcf7-validates-as-required upload-box\" accept=\".gif,.png,.jpg,.jpeg\" aria-required=\"true\" aria-invalid=\"false\" \/><\/span> <\/label><\/p>\n<p><label> Comprovante de Resid\u00eancia (*)<br \/>\n<span class=\"wpcf7-form-control-wrap proof-of-address\"><input type=\"file\" name=\"proof-of-address\" size=\"40\" class=\"wpcf7-form-control wpcf7-file wpcf7-validates-as-required upload-box\" accept=\".gif,.png,.jpg,.jpeg\" aria-required=\"true\" aria-invalid=\"false\" \/><\/span> <\/label><\/p>\n<p><label> Selecione seu Plano (*)<br \/>\n<span class=\"wpcf7-form-control-wrap plans\"><select name=\"plans\" class=\"wpcf7-form-control wpcf7-select wpcf7-validates-as-required select-plans\" aria-required=\"true\" aria-invalid=\"false\"><option value=\"70 Megas\">70 Megas<\/option><option value=\"150 Megas\" selected=\"selected\">150 Megas<\/option><option value=\"300 Megas\">300 Megas<\/option><\/select><\/span><\/label><\/p>\n<p><label> Vencimento (*)<br \/>\n<span class=\"wpcf7-form-control-wrap payday\"><select name=\"payday\" class=\"wpcf7-form-control wpcf7-select wpcf7-validates-as-required select-payday\" aria-required=\"true\" aria-invalid=\"false\"><option value=\"Dia 05\">Dia 05<\/option><option value=\"Dia 15\">Dia 15<\/option><option value=\"Dia 20\">Dia 20<\/option><option value=\"Dia 25\">Dia 25<\/option><\/select><\/span><\/label><\/p>\n<p><label> Observa\u00e7\u00f5es (Caso necess\u00e1rio)<br \/>\n<span class=\"wpcf7-form-control-wrap message\"><textarea name=\"message\" cols=\"40\" rows=\"10\" class=\"wpcf7-form-control wpcf7-textarea message-box\" aria-invalid=\"false\"><\/textarea><\/span> <\/label><\/p>\n<p><input type=\"submit\" value=\"Enviar\" class=\"wpcf7-form-control has-spinner wpcf7-submit sent-button\" \/><\/p>\n<div class=\"wpcf7-response-output\" aria-hidden=\"true\"><\/div><\/form><\/div><\/div><\/div><\/div><\/div><div id=\"pgc-910-1-1\"  class=\"panel-grid-cell\" ><div id=\"panel-910-1-1-0\" class=\"widget_text so-panel widget widget_custom_html panel-first-child\" data-index=\"2\" ><div class=\"widget_text panel-widget-style panel-widget-style-for-910-1-1-0\" ><div class=\"textwidget custom-html-widget\"><div class=\"cyber-services\">\n\t<div class=\"planos-fibra-optica\">\n\t\t<p class=\"overline\">Fibra \u00d3ptica<\/p>\n\t\t<p class=\"h3\">Voc\u00ea sempre ter\u00e1 alta velocidade. N\u00e3o importa quantas pessoas compartilhem a mesma conex\u00e3o!<\/p>\n\t<\/div>\n<\/div><\/div><\/div><\/div><div id=\"panel-910-1-1-1\" class=\"so-panel widget widget_sow-accordion panel-last-child\" data-index=\"3\" ><div id=\"cyber-faq\" class=\"panel-widget-style panel-widget-style-for-910-1-1-1\" ><div class=\"so-widget-sow-accordion so-widget-sow-accordion-default-f369c1369aed-910\"><div>\n\t<div class=\"sow-accordion\">\n\t\t\t<div class=\"sow-accordion-panel sow-accordion-panel-open\"\n\t\t\t data-anchor=\"estou-inserindo-meus-dados-esta-%c3%a9-uma-p%c3%a1gina-segura\">\n\t\t\t\t<div class=\"sow-accordion-panel-header-container\" role=\"heading\" aria-level=\"2\">\n\t\t\t\t\t<div class=\"sow-accordion-panel-header\" tabindex=\"0\" role=\"button\" id=\"accordion-label-estou-inserindo-meus-dados-esta-%c3%a9-uma-p%c3%a1gina-segura\" aria-controls=\"accordion-content-estou-inserindo-meus-dados-esta-%c3%a9-uma-p%c3%a1gina-segura\" aria-expanded=\"true\">\n\t\t\t\t\t\t<div class=\"sow-accordion-title sow-accordion-title-icon-left\">\n\t\t\t\t\t\t\t\t\t\t\t\t\t\tEstou inserindo meus dados. Esta \u00e9 uma p\u00e1gina segura?\t\t\t\t\t\t\t\t\t\t\t\t\t<\/div>\n\t\t\t\t\t\t<div class=\"sow-accordion-open-close-button\">\n\t\t\t\t\t\t\t<div class=\"sow-accordion-open-button\">\n\t\t\t\t\t\t\t\t<span class=\"sow-icon-ionicons\" data-sow-icon=\"&#xf218;\"\n\t\t ><\/span>\t\t\t\t\t\t\t<\/div>\n\t\t\t\t\t\t\t<div class=\"sow-accordion-close-button\">\n\t\t\t\t\t\t\t\t<span class=\"sow-icon-ionicons\" data-sow-icon=\"&#xf209;\"\n\t\t ><\/span>\t\t\t\t\t\t\t<\/div>\n\t\t\t\t\t\t<\/div>\n\t\t\t\t\t<\/div>\n\t\t\t\t<\/div>\n\n\t\t\t<div\n\t\t\t\tclass=\"sow-accordion-panel-content\"\n\t\t\t\trole=\"region\"\n\t\t\t\taria-labelledby=\"accordion-label-estou-inserindo-meus-dados-esta-%c3%a9-uma-p%c3%a1gina-segura\"\n\t\t\t\tid=\"accordion-content-estou-inserindo-meus-dados-esta-%c3%a9-uma-p%c3%a1gina-segura\"\n\t\t\t\t\t\t\t>\n\t\t\t\t<div class=\"sow-accordion-panel-border\" tabindex=\"0\">\n\t\t\t\t\t<p>Sim! Esta \u00e9 uma p\u00e1gina segura (HTTPS\/SSL). Todos os seus dados ser\u00e3o criptografados, sem possibilidade de que seus dados sejam copiados e\/ou distribu\u00eddos. Em caso de d\u00favidas consulte a nossa Pol\u00edtica de Privacidade ou entre em contato atrav\u00e9s de nossa Central de Atendimento ao Cliente.<\/p>\t\t\t\t<\/div>\n\t\t\t<\/div>\n\t\t<\/div>\n\t\t\t<div class=\"sow-accordion-panel\"\n\t\t\t data-anchor=\"o-que-%c3%a9-fibra-%c3%b3ptica-%c3%a9-realmente-vantagem\">\n\t\t\t\t<div class=\"sow-accordion-panel-header-container\" role=\"heading\" aria-level=\"2\">\n\t\t\t\t\t<div class=\"sow-accordion-panel-header\" tabindex=\"0\" role=\"button\" id=\"accordion-label-o-que-%c3%a9-fibra-%c3%b3ptica-%c3%a9-realmente-vantagem\" aria-controls=\"accordion-content-o-que-%c3%a9-fibra-%c3%b3ptica-%c3%a9-realmente-vantagem\" aria-expanded=\"false\">\n\t\t\t\t\t\t<div class=\"sow-accordion-title sow-accordion-title-icon-left\">\n\t\t\t\t\t\t\t\t\t\t\t\t\t\tO que \u00e9 Fibra \u00d3ptica? \u00c9 realmente vantagem?\t\t\t\t\t\t\t\t\t\t\t\t\t<\/div>\n\t\t\t\t\t\t<div class=\"sow-accordion-open-close-button\">\n\t\t\t\t\t\t\t<div class=\"sow-accordion-open-button\">\n\t\t\t\t\t\t\t\t<span class=\"sow-icon-ionicons\" data-sow-icon=\"&#xf218;\"\n\t\t ><\/span>\t\t\t\t\t\t\t<\/div>\n\t\t\t\t\t\t\t<div class=\"sow-accordion-close-button\">\n\t\t\t\t\t\t\t\t<span class=\"sow-icon-ionicons\" data-sow-icon=\"&#xf209;\"\n\t\t ><\/span>\t\t\t\t\t\t\t<\/div>\n\t\t\t\t\t\t<\/div>\n\t\t\t\t\t<\/div>\n\t\t\t\t<\/div>\n\n\t\t\t<div\n\t\t\t\tclass=\"sow-accordion-panel-content\"\n\t\t\t\trole=\"region\"\n\t\t\t\taria-labelledby=\"accordion-label-o-que-%c3%a9-fibra-%c3%b3ptica-%c3%a9-realmente-vantagem\"\n\t\t\t\tid=\"accordion-content-o-que-%c3%a9-fibra-%c3%b3ptica-%c3%a9-realmente-vantagem\"\n\t\t\t\tstyle=\"display: none;\"\t\t\t>\n\t\t\t\t<div class=\"sow-accordion-panel-border\" tabindex=\"0\">\n\t\t\t\t\t<p>\u00c9 bem simples! Por ser revestida por um material diel\u00e9trico (imune a ondas eletromagn\u00e9ticas), a Fibra \u00d3ptica n\u00e3o sofre interfer\u00eancia de outras redes de comunica\u00e7\u00e3o ao seu redor. Isso faz com que o seu sinal de conex\u00e3o continue forte e est\u00e1vel.<\/p>\n<p>Um outro fator interessante, \u00e9 que, por proporcionar uma transmiss\u00e3o de dados na velocidade da luz, a Fibra \u00d3ptica amplia a banda larga, potencializando a velocidade da internet e a capacidade de encaminhamento de dados.<\/p>\n<p>Resumindo, \u00e9 extremamente vantajoso ter o acesso 100% em Fibra \u00d3ptica. \u00c9 garantia de que sua banda contratada chegar\u00e1 at\u00e9 voc\u00ea utilizando o que h\u00e1 de melhor.<\/p>\n\t\t\t\t<\/div>\n\t\t\t<\/div>\n\t\t<\/div>\n\t\t<\/div>\n<\/div>\n<\/div><\/div><\/div><\/div><\/div><div id=\"pg-910-2\"  class=\"panel-grid panel-has-style\" ><div class=\"panel-row-style panel-row-style-for-910-2\" ><div id=\"pgc-910-2-0\"  class=\"panel-grid-cell\" ><div id=\"panel-910-2-0-0\" class=\"so-panel widget widget_sow-accordion panel-first-child panel-last-child\" data-index=\"4\" ><div id=\"cyber-faq\" class=\"panel-widget-style panel-widget-style-for-910-2-0-0\" ><div class=\"so-widget-sow-accordion so-widget-sow-accordion-default-f369c1369aed-910\"><div>\n\t<div class=\"sow-accordion\">\n\t\t\t<div class=\"sow-accordion-panel sow-accordion-panel-open\"\n\t\t\t data-anchor=\"estou-inserindo-meus-dados-esta-%c3%a9-uma-p%c3%a1gina-segura\">\n\t\t\t\t<div class=\"sow-accordion-panel-header-container\" role=\"heading\" aria-level=\"2\">\n\t\t\t\t\t<div class=\"sow-accordion-panel-header\" tabindex=\"0\" role=\"button\" id=\"accordion-label-estou-inserindo-meus-dados-esta-%c3%a9-uma-p%c3%a1gina-segura\" aria-controls=\"accordion-content-estou-inserindo-meus-dados-esta-%c3%a9-uma-p%c3%a1gina-segura\" aria-expanded=\"true\">\n\t\t\t\t\t\t<div class=\"sow-accordion-title sow-accordion-title-icon-left\">\n\t\t\t\t\t\t\t\t\t\t\t\t\t\tEstou inserindo meus dados. Esta \u00e9 uma p\u00e1gina segura?\t\t\t\t\t\t\t\t\t\t\t\t\t<\/div>\n\t\t\t\t\t\t<div class=\"sow-accordion-open-close-button\">\n\t\t\t\t\t\t\t<div class=\"sow-accordion-open-button\">\n\t\t\t\t\t\t\t\t<span class=\"sow-icon-ionicons\" data-sow-icon=\"&#xf218;\"\n\t\t ><\/span>\t\t\t\t\t\t\t<\/div>\n\t\t\t\t\t\t\t<div class=\"sow-accordion-close-button\">\n\t\t\t\t\t\t\t\t<span class=\"sow-icon-ionicons\" data-sow-icon=\"&#xf209;\"\n\t\t ><\/span>\t\t\t\t\t\t\t<\/div>\n\t\t\t\t\t\t<\/div>\n\t\t\t\t\t<\/div>\n\t\t\t\t<\/div>\n\n\t\t\t<div\n\t\t\t\tclass=\"sow-accordion-panel-content\"\n\t\t\t\trole=\"region\"\n\t\t\t\taria-labelledby=\"accordion-label-estou-inserindo-meus-dados-esta-%c3%a9-uma-p%c3%a1gina-segura\"\n\t\t\t\tid=\"accordion-content-estou-inserindo-meus-dados-esta-%c3%a9-uma-p%c3%a1gina-segura\"\n\t\t\t\t\t\t\t>\n\t\t\t\t<div class=\"sow-accordion-panel-border\" tabindex=\"0\">\n\t\t\t\t\t<p>Sim! Esta \u00e9 uma p\u00e1gina segura (HTTPS\/SSL). Todos os seus dados ser\u00e3o criptografados, sem possibilidade de que seus dados sejam copiados e\/ou distribu\u00eddos. Em caso de d\u00favidas consulte a nossa Pol\u00edtica de Privacidade ou entre em contato atrav\u00e9s de nossa Central de Atendimento ao Cliente.<\/p>\t\t\t\t<\/div>\n\t\t\t<\/div>\n\t\t<\/div>\n\t\t\t<div class=\"sow-accordion-panel\"\n\t\t\t data-anchor=\"o-que-%c3%a9-fibra-%c3%b3ptica-%c3%a9-realmente-vantagem\">\n\t\t\t\t<div class=\"sow-accordion-panel-header-container\" role=\"heading\" aria-level=\"2\">\n\t\t\t\t\t<div class=\"sow-accordion-panel-header\" tabindex=\"0\" role=\"button\" id=\"accordion-label-o-que-%c3%a9-fibra-%c3%b3ptica-%c3%a9-realmente-vantagem\" aria-controls=\"accordion-content-o-que-%c3%a9-fibra-%c3%b3ptica-%c3%a9-realmente-vantagem\" aria-expanded=\"false\">\n\t\t\t\t\t\t<div class=\"sow-accordion-title sow-accordion-title-icon-left\">\n\t\t\t\t\t\t\t\t\t\t\t\t\t\tO que \u00e9 Fibra \u00d3ptica? \u00c9 realmente vantagem?\t\t\t\t\t\t\t\t\t\t\t\t\t<\/div>\n\t\t\t\t\t\t<div class=\"sow-accordion-open-close-button\">\n\t\t\t\t\t\t\t<div class=\"sow-accordion-open-button\">\n\t\t\t\t\t\t\t\t<span class=\"sow-icon-ionicons\" data-sow-icon=\"&#xf218;\"\n\t\t ><\/span>\t\t\t\t\t\t\t<\/div>\n\t\t\t\t\t\t\t<div class=\"sow-accordion-close-button\">\n\t\t\t\t\t\t\t\t<span class=\"sow-icon-ionicons\" data-sow-icon=\"&#xf209;\"\n\t\t ><\/span>\t\t\t\t\t\t\t<\/div>\n\t\t\t\t\t\t<\/div>\n\t\t\t\t\t<\/div>\n\t\t\t\t<\/div>\n\n\t\t\t<div\n\t\t\t\tclass=\"sow-accordion-panel-content\"\n\t\t\t\trole=\"region\"\n\t\t\t\taria-labelledby=\"accordion-label-o-que-%c3%a9-fibra-%c3%b3ptica-%c3%a9-realmente-vantagem\"\n\t\t\t\tid=\"accordion-content-o-que-%c3%a9-fibra-%c3%b3ptica-%c3%a9-realmente-vantagem\"\n\t\t\t\tstyle=\"display: none;\"\t\t\t>\n\t\t\t\t<div class=\"sow-accordion-panel-border\" tabindex=\"0\">\n\t\t\t\t\t<p>\u00c9 bem simples! Por ser revestida por um material diel\u00e9trico (imune a ondas eletromagn\u00e9ticas), a Fibra \u00d3ptica n\u00e3o sofre interfer\u00eancia de outras redes de comunica\u00e7\u00e3o ao seu redor. Isso faz com que o seu sinal de conex\u00e3o continue forte e est\u00e1vel.<\/p>\n<p>Um outro fator interessante, \u00e9 que, por proporcionar uma transmiss\u00e3o de dados na velocidade da luz, a Fibra \u00d3ptica amplia a banda larga, potencializando a velocidade da internet e a capacidade de encaminhamento de dados.<\/p>\n<p>Resumindo, \u00e9 extremamente vantajoso ter o acesso 100% em Fibra \u00d3ptica. \u00c9 garantia de que sua banda contratada chegar\u00e1 at\u00e9 voc\u00ea utilizando o que h\u00e1 de melhor.<\/p>\n\t\t\t\t<\/div>\n\t\t\t<\/div>\n\t\t<\/div>\n\t\t<\/div>\n<\/div>\n<\/div><\/div><\/div><\/div><\/div><\/div><\/div>","protected":false},"excerpt":{"rendered":"<p>ASSINE J\u00c1! Para come\u00e7armos, por favor, preencha os dados abaixo: Nome (*) CPF(*) RG (*) Email (*) Logradouro (*) N\u00famero (*) Complemento Bairro (*) Cidade (*) Estado CEP (*) Telefone Residencial Telefone Celular (*) RG Frente (*) RG Verso (*) Comprovante de Resid\u00eancia (*) Selecione seu Plano (*) 70 Megas150 Megas300 Megas Vencimento (*) Dia [&hellip;]<\/p>\n","protected":false},"author":1,"featured_media":0,"parent":0,"menu_order":0,"comment_status":"closed","ping_status":"closed","template":"templates\/template-full-notitle.php","meta":[],"_links":{"self":[{"href":"https:\/\/www.cyberinfo.net.br\/belacruz\/wp-json\/wp\/v2\/pages\/910"}],"collection":[{"href":"https:\/\/www.cyberinfo.net.br\/belacruz\/wp-json\/wp\/v2\/pages"}],"about":[{"href":"https:\/\/www.cyberinfo.net.br\/belacruz\/wp-json\/wp\/v2\/types\/page"}],"author":[{"embeddable":true,"href":"https:\/\/www.cyberinfo.net.br\/belacruz\/wp-json\/wp\/v2\/users\/1"}],"replies":[{"embeddable":true,"href":"https:\/\/www.cyberinfo.net.br\/belacruz\/wp-json\/wp\/v2\/comments?post=910"}],"version-history":[{"count":16,"href":"https:\/\/www.cyberinfo.net.br\/belacruz\/wp-json\/wp\/v2\/pages\/910\/revisions"}],"predecessor-version":[{"id":1920,"href":"https:\/\/www.cyberinfo.net.br\/belacruz\/wp-json\/wp\/v2\/pages\/910\/revisions\/1920"}],"wp:attachment":[{"href":"https:\/\/www.cyberinfo.net.br\/belacruz\/wp-json\/wp\/v2\/media?parent=910"}],"curies":[{"name":"wp","href":"https:\/\/api.w.org\/{rel}","templated":true}]}}