{"id":959,"date":"2019-11-25T09:26:47","date_gmt":"2019-11-25T12:26:47","guid":{"rendered":"http:\/\/cyberinfo.net.br\/new\/?page_id=959"},"modified":"2019-12-03T23:05:02","modified_gmt":"2019-12-04T02:05:02","slug":"duvidas-frequentes","status":"publish","type":"page","link":"https:\/\/www.cyberinfo.net.br\/belacruz\/duvidas-frequentes\/","title":{"rendered":"D\u00favidas Frequentes"},"content":{"rendered":"<div id=\"pl-959\"  class=\"panel-layout\" ><div id=\"pg-959-0\"  class=\"panel-grid panel-has-style\" ><div class=\"siteorigin-panels-stretch panel-row-style-full-width panel-row-style panel-row-style-for-959-0\" style=\"background-color: #e4ebf1; \" data-stretch-type=\"full\" ><div id=\"pgc-959-0-0\"  class=\"panel-grid-cell\" ><div id=\"panel-959-0-0-0\" class=\"widget_text so-panel widget widget_custom_html panel-first-child panel-last-child\" data-index=\"0\" ><div class=\"textwidget custom-html-widget\"><div id=\"cyber-all-header\">\n\t<div class=\"duvidas-frequentes\">\n\t\t<p class=\"title\">D\u00daVIDAS FREQUENTES<\/p>\n\t\t<figure>\n\t\t\t<img src=\"\/new\/extras\/images\/color_line.svg\" alt=\"\" width=\"166px\">\t\n\t\t<\/figure>\n\t\t<p class=\"h3\">D\u00favidas sobre produtos ou servi\u00e7os Cyberinfo? Suas d\u00favidas est\u00e3o respondidas aqui.<\/p>\n\t<\/div>\n<\/div><\/div><\/div><\/div><\/div><\/div><div id=\"pg-959-1\"  class=\"panel-grid panel-has-style\" ><div id=\"cyber-faq-page\" class=\"panel-row-style panel-row-style-for-959-1\" ><div id=\"pgc-959-1-0\"  class=\"panel-grid-cell\" ><div id=\"panel-959-1-0-0\" class=\"so-panel widget widget_sow-accordion panel-first-child\" data-index=\"1\" ><div id=\"cyber-faq\" class=\"panel-widget-style panel-widget-style-for-959-1-0-0\" ><div class=\"so-widget-sow-accordion so-widget-sow-accordion-default-f369c1369aed-959\"><h3 class=\"widget-title\">Financeiro<\/h3><div>\n\t<div class=\"sow-accordion\">\n\t\t\t<div class=\"sow-accordion-panel sow-accordion-panel-open\"\n\t\t\t data-anchor=\"como-solicitar-a-2%c2%aa-via-da-fatura\">\n\t\t\t\t<div class=\"sow-accordion-panel-header-container\" role=\"heading\" aria-level=\"2\">\n\t\t\t\t\t<div class=\"sow-accordion-panel-header\" tabindex=\"0\" role=\"button\" id=\"accordion-label-como-solicitar-a-2%c2%aa-via-da-fatura\" aria-controls=\"accordion-content-como-solicitar-a-2%c2%aa-via-da-fatura\" aria-expanded=\"true\">\n\t\t\t\t\t\t<div class=\"sow-accordion-title sow-accordion-title-icon-left\">\n\t\t\t\t\t\t\t\t\t\t\t\t\t\tComo solicitar a 2\u00aa Via da Fatura?\t\t\t\t\t\t\t\t\t\t\t\t\t<\/div>\n\t\t\t\t\t\t<div class=\"sow-accordion-open-close-button\">\n\t\t\t\t\t\t\t<div class=\"sow-accordion-open-button\">\n\t\t\t\t\t\t\t\t<span class=\"sow-icon-ionicons\" data-sow-icon=\"&#xf218;\"\n\t\t ><\/span>\t\t\t\t\t\t\t<\/div>\n\t\t\t\t\t\t\t<div class=\"sow-accordion-close-button\">\n\t\t\t\t\t\t\t\t<span class=\"sow-icon-ionicons\" data-sow-icon=\"&#xf209;\"\n\t\t ><\/span>\t\t\t\t\t\t\t<\/div>\n\t\t\t\t\t\t<\/div>\n\t\t\t\t\t<\/div>\n\t\t\t\t<\/div>\n\n\t\t\t<div\n\t\t\t\tclass=\"sow-accordion-panel-content\"\n\t\t\t\trole=\"region\"\n\t\t\t\taria-labelledby=\"accordion-label-como-solicitar-a-2%c2%aa-via-da-fatura\"\n\t\t\t\tid=\"accordion-content-como-solicitar-a-2%c2%aa-via-da-fatura\"\n\t\t\t\t\t\t\t>\n\t\t\t\t<div class=\"sow-accordion-panel-border\" tabindex=\"0\">\n\t\t\t\t\t<p>\u00c9 f\u00e1cil! Basta acessar a <a href=\"https:\/\/central.cyberinfo.net.br\" rel=\"noopener\" target=\"_blank\">Central do Cliente<\/a>, entrar com o n\u00famero de seu CPF ou CNPJ e sua senha, clicar em \"Segunda Via Boleto\", selecione o boleto desejado e clique em \"Gerar Boleto\", imprima ou utilize o leitor de c\u00f3digo de barras de seu aplicativo banc\u00e1rio para efetuar o pagamento sem sair de casa.<\/p>\t\t\t\t<\/div>\n\t\t\t<\/div>\n\t\t<\/div>\n\t\t\t<div class=\"sow-accordion-panel\"\n\t\t\t data-anchor=\"posso-efetuar-o-pagamento-da-fatura-via-cart%c3%a3o-de-cr%c3%a9dito\">\n\t\t\t\t<div class=\"sow-accordion-panel-header-container\" role=\"heading\" aria-level=\"2\">\n\t\t\t\t\t<div class=\"sow-accordion-panel-header\" tabindex=\"0\" role=\"button\" id=\"accordion-label-posso-efetuar-o-pagamento-da-fatura-via-cart%c3%a3o-de-cr%c3%a9dito\" aria-controls=\"accordion-content-posso-efetuar-o-pagamento-da-fatura-via-cart%c3%a3o-de-cr%c3%a9dito\" aria-expanded=\"false\">\n\t\t\t\t\t\t<div class=\"sow-accordion-title sow-accordion-title-icon-left\">\n\t\t\t\t\t\t\t\t\t\t\t\t\t\tPosso efetuar o pagamento da Fatura via Cart\u00e3o de Cr\u00e9dito?\t\t\t\t\t\t\t\t\t\t\t\t\t<\/div>\n\t\t\t\t\t\t<div class=\"sow-accordion-open-close-button\">\n\t\t\t\t\t\t\t<div class=\"sow-accordion-open-button\">\n\t\t\t\t\t\t\t\t<span class=\"sow-icon-ionicons\" data-sow-icon=\"&#xf218;\"\n\t\t ><\/span>\t\t\t\t\t\t\t<\/div>\n\t\t\t\t\t\t\t<div class=\"sow-accordion-close-button\">\n\t\t\t\t\t\t\t\t<span class=\"sow-icon-ionicons\" data-sow-icon=\"&#xf209;\"\n\t\t ><\/span>\t\t\t\t\t\t\t<\/div>\n\t\t\t\t\t\t<\/div>\n\t\t\t\t\t<\/div>\n\t\t\t\t<\/div>\n\n\t\t\t<div\n\t\t\t\tclass=\"sow-accordion-panel-content\"\n\t\t\t\trole=\"region\"\n\t\t\t\taria-labelledby=\"accordion-label-posso-efetuar-o-pagamento-da-fatura-via-cart%c3%a3o-de-cr%c3%a9dito\"\n\t\t\t\tid=\"accordion-content-posso-efetuar-o-pagamento-da-fatura-via-cart%c3%a3o-de-cr%c3%a9dito\"\n\t\t\t\tstyle=\"display: none;\"\t\t\t>\n\t\t\t\t<div class=\"sow-accordion-panel-border\" tabindex=\"0\">\n\t\t\t\t\t<p>Esta \u00e9 mais uma comodidade que proporcionamos aos nossos clientes! Para efetuar o pagamento utilizando seu Cart\u00e3o de Cr\u00e9dito, acesse a <a href=\"https:\/\/central.cyberinfo.net.br\" rel=\"noopener\" target=\"_blank\">Central do Cliente<\/a>, entre com o n\u00famero de seu CPF ou CNPJ e sua senha, clique em \"Segunda Via Boleto\", selecione o boleto desejado e clique no \u00edcone da \"Cielo\". Preencha os dados de seu cart\u00e3o e clique em \"Pagar\".<\/p>\t\t\t\t<\/div>\n\t\t\t<\/div>\n\t\t<\/div>\n\t\t\t<div class=\"sow-accordion-panel\"\n\t\t\t data-anchor=\"quais-bandeiras-de-cart%c3%a3o-de-cr%c3%a9dito-s%c3%a3o-aceitas\">\n\t\t\t\t<div class=\"sow-accordion-panel-header-container\" role=\"heading\" aria-level=\"2\">\n\t\t\t\t\t<div class=\"sow-accordion-panel-header\" tabindex=\"0\" role=\"button\" id=\"accordion-label-quais-bandeiras-de-cart%c3%a3o-de-cr%c3%a9dito-s%c3%a3o-aceitas\" aria-controls=\"accordion-content-quais-bandeiras-de-cart%c3%a3o-de-cr%c3%a9dito-s%c3%a3o-aceitas\" aria-expanded=\"false\">\n\t\t\t\t\t\t<div class=\"sow-accordion-title sow-accordion-title-icon-left\">\n\t\t\t\t\t\t\t\t\t\t\t\t\t\tQuais bandeiras de Cart\u00e3o de Cr\u00e9dito s\u00e3o aceitas?\t\t\t\t\t\t\t\t\t\t\t\t\t<\/div>\n\t\t\t\t\t\t<div class=\"sow-accordion-open-close-button\">\n\t\t\t\t\t\t\t<div class=\"sow-accordion-open-button\">\n\t\t\t\t\t\t\t\t<span class=\"sow-icon-ionicons\" data-sow-icon=\"&#xf218;\"\n\t\t ><\/span>\t\t\t\t\t\t\t<\/div>\n\t\t\t\t\t\t\t<div class=\"sow-accordion-close-button\">\n\t\t\t\t\t\t\t\t<span class=\"sow-icon-ionicons\" data-sow-icon=\"&#xf209;\"\n\t\t ><\/span>\t\t\t\t\t\t\t<\/div>\n\t\t\t\t\t\t<\/div>\n\t\t\t\t\t<\/div>\n\t\t\t\t<\/div>\n\n\t\t\t<div\n\t\t\t\tclass=\"sow-accordion-panel-content\"\n\t\t\t\trole=\"region\"\n\t\t\t\taria-labelledby=\"accordion-label-quais-bandeiras-de-cart%c3%a3o-de-cr%c3%a9dito-s%c3%a3o-aceitas\"\n\t\t\t\tid=\"accordion-content-quais-bandeiras-de-cart%c3%a3o-de-cr%c3%a9dito-s%c3%a3o-aceitas\"\n\t\t\t\tstyle=\"display: none;\"\t\t\t>\n\t\t\t\t<div class=\"sow-accordion-panel-border\" tabindex=\"0\">\n\t\t\t\t\t<p>Aceitamos as seguintes bandeiras:<br \/><img src=\"http:\/\/cyberinfo.net.br\/new\/wp-content\/uploads\/2019\/11\/flags-300x28.png\" alt=\"\" width=\"300\" height=\"28\" class=\"alignnone size-medium wp-image-969\" \/><\/p>\t\t\t\t<\/div>\n\t\t\t<\/div>\n\t\t<\/div>\n\t\t\t<div class=\"sow-accordion-panel\"\n\t\t\t data-anchor=\"estou-com-meu-acesso-suspenso-posso-habilitar-provisioriamente-enquanto-efetuo-o-pagamento-da-fatura-em-aberto\">\n\t\t\t\t<div class=\"sow-accordion-panel-header-container\" role=\"heading\" aria-level=\"2\">\n\t\t\t\t\t<div class=\"sow-accordion-panel-header\" tabindex=\"0\" role=\"button\" id=\"accordion-label-estou-com-meu-acesso-suspenso-posso-habilitar-provisioriamente-enquanto-efetuo-o-pagamento-da-fatura-em-aberto\" aria-controls=\"accordion-content-estou-com-meu-acesso-suspenso-posso-habilitar-provisioriamente-enquanto-efetuo-o-pagamento-da-fatura-em-aberto\" aria-expanded=\"false\">\n\t\t\t\t\t\t<div class=\"sow-accordion-title sow-accordion-title-icon-left\">\n\t\t\t\t\t\t\t\t\t\t\t\t\t\tEstou com meu acesso suspenso, posso habilitar provisioriamente enquanto efetuo o pagamento da Fatura em aberto?\t\t\t\t\t\t\t\t\t\t\t\t\t<\/div>\n\t\t\t\t\t\t<div class=\"sow-accordion-open-close-button\">\n\t\t\t\t\t\t\t<div class=\"sow-accordion-open-button\">\n\t\t\t\t\t\t\t\t<span class=\"sow-icon-ionicons\" data-sow-icon=\"&#xf218;\"\n\t\t ><\/span>\t\t\t\t\t\t\t<\/div>\n\t\t\t\t\t\t\t<div class=\"sow-accordion-close-button\">\n\t\t\t\t\t\t\t\t<span class=\"sow-icon-ionicons\" data-sow-icon=\"&#xf209;\"\n\t\t ><\/span>\t\t\t\t\t\t\t<\/div>\n\t\t\t\t\t\t<\/div>\n\t\t\t\t\t<\/div>\n\t\t\t\t<\/div>\n\n\t\t\t<div\n\t\t\t\tclass=\"sow-accordion-panel-content\"\n\t\t\t\trole=\"region\"\n\t\t\t\taria-labelledby=\"accordion-label-estou-com-meu-acesso-suspenso-posso-habilitar-provisioriamente-enquanto-efetuo-o-pagamento-da-fatura-em-aberto\"\n\t\t\t\tid=\"accordion-content-estou-com-meu-acesso-suspenso-posso-habilitar-provisioriamente-enquanto-efetuo-o-pagamento-da-fatura-em-aberto\"\n\t\t\t\tstyle=\"display: none;\"\t\t\t>\n\t\t\t\t<div class=\"sow-accordion-panel-border\" tabindex=\"0\">\n\t\t\t\t\t<p>Sim! A Cyberinfo permite que seu acesso suspenso, mesmo que com fatura em aberto, seja reabilitado de forma provis\u00f3ria. Para habilitar, acesse a <a href=\"https:\/\/central.cyberinfo.net.br\" rel=\"noopener\" target=\"_blank\">Central do Cliente<\/a>, efetue login, e clique em \"Habilita\u00e7\u00e3o Provis\u00f3ria\". Selecione o Plano que deseja reabilitar e clique em \"Habilitar Plano\", sua conex\u00e3o \u00e0 Internet ser\u00e1 normalizada ap\u00f3s alguns minutos.<\/p>\n<p>Ao confirmar a <strong>Habilita\u00e7\u00e3o Provis\u00f3ria<\/strong>, ser\u00e1 necess\u00e1rio efetuar a quita\u00e7\u00e3o das Faturas em aberto, caso contr\u00e1rio o acesso ser\u00e1 novamente suspenso ap\u00f3s o prazo de 48h (dois dias).<\/p>\t\t\t\t<\/div>\n\t\t\t<\/div>\n\t\t<\/div>\n\t\t<\/div>\n<\/div>\n<\/div><\/div><\/div><div id=\"panel-959-1-0-1\" class=\"so-panel widget widget_sow-accordion panel-last-child\" data-index=\"2\" ><div id=\"cyber-faq\" class=\"panel-widget-style panel-widget-style-for-959-1-0-1\" ><div class=\"so-widget-sow-accordion so-widget-sow-accordion-default-f369c1369aed-959\"><h3 class=\"widget-title\">T\u00e9cnico<\/h3><div>\n\t<div class=\"sow-accordion\">\n\t\t\t<div class=\"sow-accordion-panel sow-accordion-panel-open\"\n\t\t\t data-anchor=\"necessito-de-suporte-t%c3%a9cnico-como-procedo\">\n\t\t\t\t<div class=\"sow-accordion-panel-header-container\" role=\"heading\" aria-level=\"2\">\n\t\t\t\t\t<div class=\"sow-accordion-panel-header\" tabindex=\"0\" role=\"button\" id=\"accordion-label-necessito-de-suporte-t%c3%a9cnico-como-procedo\" aria-controls=\"accordion-content-necessito-de-suporte-t%c3%a9cnico-como-procedo\" aria-expanded=\"true\">\n\t\t\t\t\t\t<div class=\"sow-accordion-title sow-accordion-title-icon-left\">\n\t\t\t\t\t\t\t\t\t\t\t\t\t\tNecessito de Suporte T\u00e9cnico, como procedo?\t\t\t\t\t\t\t\t\t\t\t\t\t<\/div>\n\t\t\t\t\t\t<div class=\"sow-accordion-open-close-button\">\n\t\t\t\t\t\t\t<div class=\"sow-accordion-open-button\">\n\t\t\t\t\t\t\t\t<span class=\"sow-icon-ionicons\" data-sow-icon=\"&#xf218;\"\n\t\t ><\/span>\t\t\t\t\t\t\t<\/div>\n\t\t\t\t\t\t\t<div class=\"sow-accordion-close-button\">\n\t\t\t\t\t\t\t\t<span class=\"sow-icon-ionicons\" data-sow-icon=\"&#xf209;\"\n\t\t ><\/span>\t\t\t\t\t\t\t<\/div>\n\t\t\t\t\t\t<\/div>\n\t\t\t\t\t<\/div>\n\t\t\t\t<\/div>\n\n\t\t\t<div\n\t\t\t\tclass=\"sow-accordion-panel-content\"\n\t\t\t\trole=\"region\"\n\t\t\t\taria-labelledby=\"accordion-label-necessito-de-suporte-t%c3%a9cnico-como-procedo\"\n\t\t\t\tid=\"accordion-content-necessito-de-suporte-t%c3%a9cnico-como-procedo\"\n\t\t\t\t\t\t\t>\n\t\t\t\t<div class=\"sow-accordion-panel-border\" tabindex=\"0\">\n\t\t\t\t\t<p>Ao perceber instabilidade em sua conex\u00e3o, falhas constantes, ou at\u00e9 mesmo ficar sem acesso total, entre em contato imediatamente conosco atrav\u00e9s do Telefone ou WhatsApp, pelo n\u00famero <strong>88 9 9968.7799<\/strong> ou ainda pelo <strong>chat<\/strong> dispon\u00edvel neste site.<\/p>\t\t\t\t<\/div>\n\t\t\t<\/div>\n\t\t<\/div>\n\t\t\t<div class=\"sow-accordion-panel\"\n\t\t\t data-anchor=\"quais-os-hor%c3%a1rios-de-atendimento\">\n\t\t\t\t<div class=\"sow-accordion-panel-header-container\" role=\"heading\" aria-level=\"2\">\n\t\t\t\t\t<div class=\"sow-accordion-panel-header\" tabindex=\"0\" role=\"button\" id=\"accordion-label-quais-os-hor%c3%a1rios-de-atendimento\" aria-controls=\"accordion-content-quais-os-hor%c3%a1rios-de-atendimento\" aria-expanded=\"false\">\n\t\t\t\t\t\t<div class=\"sow-accordion-title sow-accordion-title-icon-left\">\n\t\t\t\t\t\t\t\t\t\t\t\t\t\tQuais os hor\u00e1rios de atendimento?\t\t\t\t\t\t\t\t\t\t\t\t\t<\/div>\n\t\t\t\t\t\t<div class=\"sow-accordion-open-close-button\">\n\t\t\t\t\t\t\t<div class=\"sow-accordion-open-button\">\n\t\t\t\t\t\t\t\t<span class=\"sow-icon-ionicons\" data-sow-icon=\"&#xf218;\"\n\t\t ><\/span>\t\t\t\t\t\t\t<\/div>\n\t\t\t\t\t\t\t<div class=\"sow-accordion-close-button\">\n\t\t\t\t\t\t\t\t<span class=\"sow-icon-ionicons\" data-sow-icon=\"&#xf209;\"\n\t\t ><\/span>\t\t\t\t\t\t\t<\/div>\n\t\t\t\t\t\t<\/div>\n\t\t\t\t\t<\/div>\n\t\t\t\t<\/div>\n\n\t\t\t<div\n\t\t\t\tclass=\"sow-accordion-panel-content\"\n\t\t\t\trole=\"region\"\n\t\t\t\taria-labelledby=\"accordion-label-quais-os-hor%c3%a1rios-de-atendimento\"\n\t\t\t\tid=\"accordion-content-quais-os-hor%c3%a1rios-de-atendimento\"\n\t\t\t\tstyle=\"display: none;\"\t\t\t>\n\t\t\t\t<div class=\"sow-accordion-panel-border\" tabindex=\"0\">\n\t\t\t\t\t<p><strong>Atendemos nos seguintes hor\u00e1rios:<\/strong><br \/>\n- <strong>Segunda a Sexta:<\/strong> Das 08 \u00e0s 22h;<br \/>\n- <strong>S\u00e1bado, Domingo e Feriados:<\/strong> Das 08 \u00e0s 20h.<\/p>\t\t\t\t<\/div>\n\t\t\t<\/div>\n\t\t<\/div>\n\t\t\t<div class=\"sow-accordion-panel\"\n\t\t\t data-anchor=\"todos-os-planos-t%c3%aam-wi-fi-incluso\">\n\t\t\t\t<div class=\"sow-accordion-panel-header-container\" role=\"heading\" aria-level=\"2\">\n\t\t\t\t\t<div class=\"sow-accordion-panel-header\" tabindex=\"0\" role=\"button\" id=\"accordion-label-todos-os-planos-t%c3%aam-wi-fi-incluso\" aria-controls=\"accordion-content-todos-os-planos-t%c3%aam-wi-fi-incluso\" aria-expanded=\"false\">\n\t\t\t\t\t\t<div class=\"sow-accordion-title sow-accordion-title-icon-left\">\n\t\t\t\t\t\t\t\t\t\t\t\t\t\tTodos os Planos t\u00eam WI-FI incluso?\t\t\t\t\t\t\t\t\t\t\t\t\t<\/div>\n\t\t\t\t\t\t<div class=\"sow-accordion-open-close-button\">\n\t\t\t\t\t\t\t<div class=\"sow-accordion-open-button\">\n\t\t\t\t\t\t\t\t<span class=\"sow-icon-ionicons\" data-sow-icon=\"&#xf218;\"\n\t\t ><\/span>\t\t\t\t\t\t\t<\/div>\n\t\t\t\t\t\t\t<div class=\"sow-accordion-close-button\">\n\t\t\t\t\t\t\t\t<span class=\"sow-icon-ionicons\" data-sow-icon=\"&#xf209;\"\n\t\t ><\/span>\t\t\t\t\t\t\t<\/div>\n\t\t\t\t\t\t<\/div>\n\t\t\t\t\t<\/div>\n\t\t\t\t<\/div>\n\n\t\t\t<div\n\t\t\t\tclass=\"sow-accordion-panel-content\"\n\t\t\t\trole=\"region\"\n\t\t\t\taria-labelledby=\"accordion-label-todos-os-planos-t%c3%aam-wi-fi-incluso\"\n\t\t\t\tid=\"accordion-content-todos-os-planos-t%c3%aam-wi-fi-incluso\"\n\t\t\t\tstyle=\"display: none;\"\t\t\t>\n\t\t\t\t<div class=\"sow-accordion-panel-border\" tabindex=\"0\">\n\t\t\t\t\t<p>Sim! Para maior comodidade de nossos clientes, a Cyberinfo cede em regime de comodato, 01 (um) Roteador Wireless para cada ponto de instala\u00e7\u00e3o.<\/p>\t\t\t\t<\/div>\n\t\t\t<\/div>\n\t\t<\/div>\n\t\t\t<div class=\"sow-accordion-panel\"\n\t\t\t data-anchor=\"qual-o-alcance-do-sinal-wi-fi\">\n\t\t\t\t<div class=\"sow-accordion-panel-header-container\" role=\"heading\" aria-level=\"2\">\n\t\t\t\t\t<div class=\"sow-accordion-panel-header\" tabindex=\"0\" role=\"button\" id=\"accordion-label-qual-o-alcance-do-sinal-wi-fi\" aria-controls=\"accordion-content-qual-o-alcance-do-sinal-wi-fi\" aria-expanded=\"false\">\n\t\t\t\t\t\t<div class=\"sow-accordion-title sow-accordion-title-icon-left\">\n\t\t\t\t\t\t\t\t\t\t\t\t\t\tQual o alcance do sinal WI-FI?\t\t\t\t\t\t\t\t\t\t\t\t\t<\/div>\n\t\t\t\t\t\t<div class=\"sow-accordion-open-close-button\">\n\t\t\t\t\t\t\t<div class=\"sow-accordion-open-button\">\n\t\t\t\t\t\t\t\t<span class=\"sow-icon-ionicons\" data-sow-icon=\"&#xf218;\"\n\t\t ><\/span>\t\t\t\t\t\t\t<\/div>\n\t\t\t\t\t\t\t<div class=\"sow-accordion-close-button\">\n\t\t\t\t\t\t\t\t<span class=\"sow-icon-ionicons\" data-sow-icon=\"&#xf209;\"\n\t\t ><\/span>\t\t\t\t\t\t\t<\/div>\n\t\t\t\t\t\t<\/div>\n\t\t\t\t\t<\/div>\n\t\t\t\t<\/div>\n\n\t\t\t<div\n\t\t\t\tclass=\"sow-accordion-panel-content\"\n\t\t\t\trole=\"region\"\n\t\t\t\taria-labelledby=\"accordion-label-qual-o-alcance-do-sinal-wi-fi\"\n\t\t\t\tid=\"accordion-content-qual-o-alcance-do-sinal-wi-fi\"\n\t\t\t\tstyle=\"display: none;\"\t\t\t>\n\t\t\t\t<div class=\"sow-accordion-panel-border\" tabindex=\"0\">\n\t\t\t\t\t<p>Esta \u00e9 uma resposta puramente t\u00e9cnica e vai depender de v\u00e1rios fatores tais como: posicionamento do roteador, barreiras existentes no local como vidra\u00e7as, estantes de livros, portas ou janelas de alum\u00ednio, mesas de vidro, ou at\u00e9 mesmo a circula\u00e7\u00e3o de pessoas.<\/p>\n<p>Os roteadores mais modernos j\u00e1 contam com diversos recursos de isolamento para proporcionar um acesso mais est\u00e1vel aos usu\u00e1rios.<\/p>\t\t\t\t<\/div>\n\t\t\t<\/div>\n\t\t<\/div>\n\t\t\t<div class=\"sow-accordion-panel\"\n\t\t\t data-anchor=\"estou-percebendo-instabilidade-no-meu-wi-fi-o-que-devo-fazer\">\n\t\t\t\t<div class=\"sow-accordion-panel-header-container\" role=\"heading\" aria-level=\"2\">\n\t\t\t\t\t<div class=\"sow-accordion-panel-header\" tabindex=\"0\" role=\"button\" id=\"accordion-label-estou-percebendo-instabilidade-no-meu-wi-fi-o-que-devo-fazer\" aria-controls=\"accordion-content-estou-percebendo-instabilidade-no-meu-wi-fi-o-que-devo-fazer\" aria-expanded=\"false\">\n\t\t\t\t\t\t<div class=\"sow-accordion-title sow-accordion-title-icon-left\">\n\t\t\t\t\t\t\t\t\t\t\t\t\t\tEstou percebendo instabilidade no meu WI-FI. O que devo fazer?\t\t\t\t\t\t\t\t\t\t\t\t\t<\/div>\n\t\t\t\t\t\t<div class=\"sow-accordion-open-close-button\">\n\t\t\t\t\t\t\t<div class=\"sow-accordion-open-button\">\n\t\t\t\t\t\t\t\t<span class=\"sow-icon-ionicons\" data-sow-icon=\"&#xf218;\"\n\t\t ><\/span>\t\t\t\t\t\t\t<\/div>\n\t\t\t\t\t\t\t<div class=\"sow-accordion-close-button\">\n\t\t\t\t\t\t\t\t<span class=\"sow-icon-ionicons\" data-sow-icon=\"&#xf209;\"\n\t\t ><\/span>\t\t\t\t\t\t\t<\/div>\n\t\t\t\t\t\t<\/div>\n\t\t\t\t\t<\/div>\n\t\t\t\t<\/div>\n\n\t\t\t<div\n\t\t\t\tclass=\"sow-accordion-panel-content\"\n\t\t\t\trole=\"region\"\n\t\t\t\taria-labelledby=\"accordion-label-estou-percebendo-instabilidade-no-meu-wi-fi-o-que-devo-fazer\"\n\t\t\t\tid=\"accordion-content-estou-percebendo-instabilidade-no-meu-wi-fi-o-que-devo-fazer\"\n\t\t\t\tstyle=\"display: none;\"\t\t\t>\n\t\t\t\t<div class=\"sow-accordion-panel-border\" tabindex=\"0\">\n\t\t\t\t\t<p>O primeiro passo \u00e9 verificar se sua senha n\u00e3o est\u00e1 compartilhada com um n\u00famero demasiado de pessoas. <strong>Um roteador dom\u00e9stico n\u00e3o suporta mais que 08 (oito) dispositivos conectados simultaneamente.<\/strong><\/p>\n<p>Posteriormente, verifique a posi\u00e7\u00e3o das antenas, elas devem estar sempre apontadas para cima. Verifique tamb\u00e9m se as luzes do equipamento est\u00e3o ligadas normalmente e se o cabo da porta \"WAN\" est\u00e1 conectado de forma correta.<\/p>\n<p>Caso a instabilidade persista e os passos anteriores tenham sido seguidos, force o rein\u00edcio do equipamento, <strong>desligando-o da tomada por 03min (tr\u00eas minutos) e religando novamente<\/strong>. Se ainda assim o problema n\u00e3o for resolvido, contate-nos.<\/p>\t\t\t\t<\/div>\n\t\t\t<\/div>\n\t\t<\/div>\n\t\t\t<div class=\"sow-accordion-panel\"\n\t\t\t data-anchor=\"o-que-significa-cdn-e-quais-as-vantagens\">\n\t\t\t\t<div class=\"sow-accordion-panel-header-container\" role=\"heading\" aria-level=\"2\">\n\t\t\t\t\t<div class=\"sow-accordion-panel-header\" tabindex=\"0\" role=\"button\" id=\"accordion-label-o-que-significa-cdn-e-quais-as-vantagens\" aria-controls=\"accordion-content-o-que-significa-cdn-e-quais-as-vantagens\" aria-expanded=\"false\">\n\t\t\t\t\t\t<div class=\"sow-accordion-title sow-accordion-title-icon-left\">\n\t\t\t\t\t\t\t\t\t\t\t\t\t\tO que significa CDN? E quais as vantagens?\t\t\t\t\t\t\t\t\t\t\t\t\t<\/div>\n\t\t\t\t\t\t<div class=\"sow-accordion-open-close-button\">\n\t\t\t\t\t\t\t<div class=\"sow-accordion-open-button\">\n\t\t\t\t\t\t\t\t<span class=\"sow-icon-ionicons\" data-sow-icon=\"&#xf218;\"\n\t\t ><\/span>\t\t\t\t\t\t\t<\/div>\n\t\t\t\t\t\t\t<div class=\"sow-accordion-close-button\">\n\t\t\t\t\t\t\t\t<span class=\"sow-icon-ionicons\" data-sow-icon=\"&#xf209;\"\n\t\t ><\/span>\t\t\t\t\t\t\t<\/div>\n\t\t\t\t\t\t<\/div>\n\t\t\t\t\t<\/div>\n\t\t\t\t<\/div>\n\n\t\t\t<div\n\t\t\t\tclass=\"sow-accordion-panel-content\"\n\t\t\t\trole=\"region\"\n\t\t\t\taria-labelledby=\"accordion-label-o-que-significa-cdn-e-quais-as-vantagens\"\n\t\t\t\tid=\"accordion-content-o-que-significa-cdn-e-quais-as-vantagens\"\n\t\t\t\tstyle=\"display: none;\"\t\t\t>\n\t\t\t\t<div class=\"sow-accordion-panel-border\" tabindex=\"0\">\n\t\t\t\t\t<p>CDN \u00e9 abrevia\u00e7\u00e3o de Content Delivery Network (ou Rede de Distribui\u00e7\u00e3o de Conte\u00fado). \u00c9 uma rede de servidores (pontos de presen\u00e7a) que armazenam r\u00e9plicas do conte\u00fado de outros sites na mem\u00f3ria (cache) e depois os entrega aos visitantes, baseando-se na localiza\u00e7\u00e3o geogr\u00e1fica para conect\u00e1-los ao servidor mais pr\u00f3ximo e mais r\u00e1pido, reduzindo o tempo de transfer\u00eancia dos dados (lat\u00eancia).<\/p>\n<p>Para o cliente Cyberinfo, disponibilizamos CDN dos provedores de Conte\u00fado: Netflix e Youtube, de toda a Rede Google e da Rede Facebook. Na pr\u00e1tica, CDN s\u00e3o servidores destas empresas que est\u00e3o alocados em nosso Datacenter que oferecem conte\u00fado de forma mais r\u00e1pida e sempre em alta qualidade, pois este conte\u00fado est\u00e1 armazenado localmente.<\/p>\t\t\t\t<\/div>\n\t\t\t<\/div>\n\t\t<\/div>\n\t\t<\/div>\n<\/div>\n<\/div><\/div><\/div><\/div><\/div><\/div><\/div>","protected":false},"excerpt":{"rendered":"<p>D\u00daVIDAS FREQUENTES D\u00favidas sobre produtos ou servi\u00e7os Cyberinfo? Suas d\u00favidas est\u00e3o respondidas aqui. Financeiro Como solicitar a 2\u00aa Via da Fatura? \u00c9 f\u00e1cil! Basta acessar a Central do Cliente, entrar com o n\u00famero de seu CPF ou CNPJ e sua senha, clicar em &#8220;Segunda Via Boleto&#8221;, selecione o boleto desejado e clique em &#8220;Gerar Boleto&#8221;, [&hellip;]<\/p>\n","protected":false},"author":1,"featured_media":0,"parent":0,"menu_order":0,"comment_status":"closed","ping_status":"closed","template":"templates\/template-full-notitle.php","meta":[],"_links":{"self":[{"href":"https:\/\/www.cyberinfo.net.br\/belacruz\/wp-json\/wp\/v2\/pages\/959"}],"collection":[{"href":"https:\/\/www.cyberinfo.net.br\/belacruz\/wp-json\/wp\/v2\/pages"}],"about":[{"href":"https:\/\/www.cyberinfo.net.br\/belacruz\/wp-json\/wp\/v2\/types\/page"}],"author":[{"embeddable":true,"href":"https:\/\/www.cyberinfo.net.br\/belacruz\/wp-json\/wp\/v2\/users\/1"}],"replies":[{"embeddable":true,"href":"https:\/\/www.cyberinfo.net.br\/belacruz\/wp-json\/wp\/v2\/comments?post=959"}],"version-history":[{"count":56,"href":"https:\/\/www.cyberinfo.net.br\/belacruz\/wp-json\/wp\/v2\/pages\/959\/revisions"}],"predecessor-version":[{"id":1797,"href":"https:\/\/www.cyberinfo.net.br\/belacruz\/wp-json\/wp\/v2\/pages\/959\/revisions\/1797"}],"wp:attachment":[{"href":"https:\/\/www.cyberinfo.net.br\/belacruz\/wp-json\/wp\/v2\/media?parent=959"}],"curies":[{"name":"wp","href":"https:\/\/api.w.org\/{rel}","templated":true}]}}